{"id":18094,"date":"2021-05-07T23:02:39","date_gmt":"2021-05-07T21:02:39","guid":{"rendered":"https:\/\/damianhornet.com\/?post_type=product&#038;p=18094"},"modified":"2026-04-21T01:00:41","modified_gmt":"2026-04-20T23:00:41","slug":"earthquake_07","status":"publish","type":"product","link":"https:\/\/damianhornet.com\/en\/produkt\/earthquake_07\/","title":{"rendered":"EARTHQUAKE_07"},"content":{"rendered":"<p>Dla kogo jest ta fotografia? Zdecydowanie polecam j\u0105 osobie ciekawej \u015bwita. Jednak nie tego znanego z kolorowych folder\u00f3w, ale tego kt\u00f3ry pojawia si\u0119 czasem w sennych wizjach.<\/p>\n<p>Ostatnia fotografia z cyklu EARTHQUAKE, kt\u00f3ry jest pr\u00f3b\u0105 zrozumienia emocji, jakie b\u0119d\u0105 towarzyszy\u0142y ludziom w pierwszym dniu ko\u0144ca \u015bwiata. Z\u0142owieszcze? By\u0107 mo\u017ce&#8230; Pesymistyczne? Bardzo prawdopodobnie&#8230; Jednak przede wszystkim sk\u0142aniaj\u0105ce do refleksji nad \u017cyciem.<\/p>\n<p>Je\u015bli ta praca przypad\u0142a Tobie do gustu, mo\u017cesz wej\u015b\u0107 w jej posiadanie jako jednej z pi\u0119ciu lub jedynej. Decyzja nale\u017cy do Ciebie. W tym drugim przypadku prosz\u0119 o kontakt mailowy w celu om\u00f3wienia szczeg\u00f3\u0142\u00f3w transakcji (pisz na adres: hello@damianhornet.com).<\/p>\n<p>Maksymalny oferowany format to 150 x 225 cm. W przypadku ch\u0119ci zam\u00f3wienia mniejszego, kieruj si\u0119 proporcjami 2:3 (np. 20 x 30 cm, 50 x75 cm, 60 x 90 cm itd.). Fotografia sygnowana moim podpisem, a na jej odwrocie do\u0142\u0105czony b\u0119dzie certyfikat autentyczno\u015bci.<\/p>\n<p>Czas realizacji zam\u00f3wienia: 15 dni roboczych.<\/p>\n","protected":false},"excerpt":{"rendered":"<p>Dla kogo jest ta fotografia? Zdecydowanie polecam j\u0105 osobie ciekawej \u015bwita. Jednak nie tego znanego z kolorowych folder\u00f3w, ale tego kt\u00f3ry pojawia si\u0119 czasem w sennych wizjach.<\/p>\n<p>Ostatnia fotografia z cyklu EARTHQUAKE, kt\u00f3ry jest pr\u00f3b\u0105 zrozumienia emocji, jakie b\u0119d\u0105 towarzyszy\u0142y ludziom w pierwszym dniu ko\u0144ca \u015bwiata. Maksymalny oferowany format to 150 x 225 cm. W przypadku ch\u0119ci zam\u00f3wienia mniejszego, kieruj si\u0119 proporcjami 2:3 (np. 20 x 30 cm, 50 x75 cm, 60 x 90 cm itd.).<\/p>\n","protected":false},"featured_media":17967,"comment_status":"closed","ping_status":"closed","template":"","meta":{"_exactmetrics_skip_tracking":false,"_exactmetrics_sitenote_active":false,"_exactmetrics_sitenote_note":"","_exactmetrics_sitenote_category":0},"product_brand":[],"product_cat":[154,160],"product_tag":[],"class_list":{"0":"post-18094","1":"product","2":"type-product","3":"status-publish","4":"has-post-thumbnail","6":"product_cat-fot_kol","7":"product_cat-earthquake","9":"first","10":"instock","11":"taxable","12":"shipping-taxable","13":"purchasable","14":"product-type-simple"},"_links":{"self":[{"href":"https:\/\/damianhornet.com\/en\/wp-json\/wp\/v2\/product\/18094","targetHints":{"allow":["GET"]}}],"collection":[{"href":"https:\/\/damianhornet.com\/en\/wp-json\/wp\/v2\/product"}],"about":[{"href":"https:\/\/damianhornet.com\/en\/wp-json\/wp\/v2\/types\/product"}],"replies":[{"embeddable":true,"href":"https:\/\/damianhornet.com\/en\/wp-json\/wp\/v2\/comments?post=18094"}],"wp:featuredmedia":[{"embeddable":true,"href":"https:\/\/damianhornet.com\/en\/wp-json\/wp\/v2\/media\/17967"}],"wp:attachment":[{"href":"https:\/\/damianhornet.com\/en\/wp-json\/wp\/v2\/media?parent=18094"}],"wp:term":[{"taxonomy":"product_brand","embeddable":true,"href":"https:\/\/damianhornet.com\/en\/wp-json\/wp\/v2\/product_brand?post=18094"},{"taxonomy":"product_cat","embeddable":true,"href":"https:\/\/damianhornet.com\/en\/wp-json\/wp\/v2\/product_cat?post=18094"},{"taxonomy":"product_tag","embeddable":true,"href":"https:\/\/damianhornet.com\/en\/wp-json\/wp\/v2\/product_tag?post=18094"}],"curies":[{"name":"wp","href":"https:\/\/api.w.org\/{rel}","templated":true}]}}