{"id":18127,"date":"2021-05-08T10:36:13","date_gmt":"2021-05-08T08:36:13","guid":{"rendered":"https:\/\/damianhornet.com\/?post_type=product&#038;p=18127"},"modified":"2026-04-19T01:00:38","modified_gmt":"2026-04-18T23:00:38","slug":"minimal_18","status":"publish","type":"product","link":"https:\/\/damianhornet.com\/en\/produkt\/minimal_18\/","title":{"rendered":"MINIMAL_18"},"content":{"rendered":"<p>Dla kogo jest ta fotografia? Jest to kadr idealny dla osoby ceni\u0105cej sobie spok\u00f3j, stroni\u0105cej od t\u0142um\u00f3w. Takiej, kt\u00f3ra doskonale czuje si\u0119 w swoim towarzystwie.<\/p>\n<p>Minimal to seria oszcz\u0119dnych w formie kadr\u00f3w, dzi\u0119ki kt\u00f3rym mo\u017cesz przenie\u015b\u0107 si\u0119 w inny wymiar. Stworzone po to, by uspakaja\u0107 lub pobudza\u0107, r\u00f3wnowa\u017cy\u0107 b\u0105d\u017a wytr\u0105ca\u0107 z r\u00f3wnowagi, dawa\u0107 impuls do dzia\u0142ania lub wypoczynku. Jak je odbierzesz, to Tw\u00f3j indywidualny wyb\u00f3r.<\/p>\n<p>Je\u015bli ta praca przypad\u0142a Tobie do gustu, mo\u017cesz wej\u015b\u0107 w jej posiadanie jako jednej z pi\u0119ciu lub jedynej. Decyzja nale\u017cy do Ciebie. W tym drugim przypadku prosz\u0119 o kontakt mailowy w celu om\u00f3wienia szczeg\u00f3\u0142\u00f3w transakcji (pisz na adres: hello@damianhornet.com).<\/p>\n<p>Maksymalny oferowany format to 150 x 225 cm. W przypadku ch\u0119ci zam\u00f3wienia mniejszego, kieruj si\u0119 proporcjami 2:3 (np. 20 x 30 cm, 50 x75 cm, 60 x 90 cm itd.). Fotografia sygnowana moim podpisem, a na jej odwrocie do\u0142\u0105czony b\u0119dzie certyfikat autentyczno\u015bci.<\/p>\n<p>Czas realizacji zam\u00f3wienia: 15 dni roboczych.<\/p>\n","protected":false},"excerpt":{"rendered":"<p>Dla kogo jest ta fotografia? Jest to kadr idealny dla osoby ceni\u0105cej sobie spok\u00f3j, stroni\u0105cej od t\u0142um\u00f3w. Takiej, kt\u00f3ra doskonale czuje si\u0119 w swoim towarzystwie.<\/p>\n<p>Minimal to seria oszcz\u0119dnych w formie kadr\u00f3w, dzi\u0119ki kt\u00f3rym mo\u017cesz przenie\u015b\u0107 si\u0119 w inny wymiar. Maksymalny oferowany format to 150 x 225 cm. W przypadku ch\u0119ci zam\u00f3wienia mniejszego, kieruj si\u0119 proporcjami 2:3 (np. 20 x 30 cm, 50 x75 cm, 60 x 90 cm itd.). Fotografia sygnowana moim podpisem, a na jej odwrocie do\u0142\u0105czony b\u0119dzie certyfikat autentyczno\u015bci.<\/p>\n","protected":false},"featured_media":18003,"comment_status":"closed","ping_status":"closed","template":"","meta":{"_exactmetrics_skip_tracking":false,"_exactmetrics_sitenote_active":false,"_exactmetrics_sitenote_note":"","_exactmetrics_sitenote_category":0},"product_brand":[],"product_cat":[154,161],"product_tag":[],"class_list":{"0":"post-18127","1":"product","2":"type-product","3":"status-publish","4":"has-post-thumbnail","6":"product_cat-fot_kol","7":"product_cat-minimal","9":"first","10":"instock","11":"taxable","12":"shipping-taxable","13":"purchasable","14":"product-type-simple"},"_links":{"self":[{"href":"https:\/\/damianhornet.com\/en\/wp-json\/wp\/v2\/product\/18127","targetHints":{"allow":["GET"]}}],"collection":[{"href":"https:\/\/damianhornet.com\/en\/wp-json\/wp\/v2\/product"}],"about":[{"href":"https:\/\/damianhornet.com\/en\/wp-json\/wp\/v2\/types\/product"}],"replies":[{"embeddable":true,"href":"https:\/\/damianhornet.com\/en\/wp-json\/wp\/v2\/comments?post=18127"}],"wp:featuredmedia":[{"embeddable":true,"href":"https:\/\/damianhornet.com\/en\/wp-json\/wp\/v2\/media\/18003"}],"wp:attachment":[{"href":"https:\/\/damianhornet.com\/en\/wp-json\/wp\/v2\/media?parent=18127"}],"wp:term":[{"taxonomy":"product_brand","embeddable":true,"href":"https:\/\/damianhornet.com\/en\/wp-json\/wp\/v2\/product_brand?post=18127"},{"taxonomy":"product_cat","embeddable":true,"href":"https:\/\/damianhornet.com\/en\/wp-json\/wp\/v2\/product_cat?post=18127"},{"taxonomy":"product_tag","embeddable":true,"href":"https:\/\/damianhornet.com\/en\/wp-json\/wp\/v2\/product_tag?post=18127"}],"curies":[{"name":"wp","href":"https:\/\/api.w.org\/{rel}","templated":true}]}}