{"id":18138,"date":"2021-05-08T16:59:48","date_gmt":"2021-05-08T14:59:48","guid":{"rendered":"https:\/\/damianhornet.com\/?post_type=product&#038;p=18138"},"modified":"2026-04-21T01:00:36","modified_gmt":"2026-04-20T23:00:36","slug":"architecture_01","status":"publish","type":"product","link":"https:\/\/damianhornet.com\/en\/produkt\/architecture_01\/","title":{"rendered":"ARCHITECTURE_01"},"content":{"rendered":"<p>Seria ARCHITECTURE to moje spojrzenie na budynki, kt\u00f3re otaczaj\u0105 nas w ilo\u015bci wr\u0119cz przyt\u0142aczaj\u0105cej. Na szcz\u0119\u015bcie w tej masie mo\u017cna znale\u017a\u0107 prawdziwe pere\u0142ki. Fotografia, kt\u00f3ra otwiera t\u0119 seri\u0119 zosta\u0142a wykonana w Pradze. Doskonale ukazuje proces zast\u0119powania starych budynk\u00f3w zupe\u0142nie nowymi konstrukcjami.<\/p>\n<p>Je\u015bli ta praca przypad\u0142a Tobie do gustu, mo\u017cesz wej\u015b\u0107 w jej posiadanie jako jednej z pi\u0119ciu lub jedynej. Decyzja nale\u017cy do Ciebie. W tym drugim przypadku prosz\u0119 o kontakt mailowy w celu om\u00f3wienia szczeg\u00f3\u0142\u00f3w transakcji (pisz na adres: hello@damianhornet.com).<\/p>\n<p>Maksymalny oferowany format to 150 x 225 cm. W przypadku ch\u0119ci zam\u00f3wienia mniejszego, kieruj si\u0119 proporcjami 2:3 (np. 20 x 30 cm, 50 x75 cm, 60 x 90 cm itd.). Fotografia sygnowana moim podpisem, a na jej odwrocie do\u0142\u0105czony b\u0119dzie certyfikat autentyczno\u015bci.<\/p>\n<p>Czas realizacji zam\u00f3wienia: 15 dni roboczych.<\/p>\n","protected":false},"excerpt":{"rendered":"<p>Seria ARCHITECTURE to moje spojrzenie na budynki, kt\u00f3re otaczaj\u0105 nas w ilo\u015bci wr\u0119cz przyt\u0142aczaj\u0105cej. Na szcz\u0119\u015bcie w tej masie mo\u017cna znale\u017a\u0107 prawdziwe pere\u0142ki. Fotografia, kt\u00f3ra otwiera t\u0119 seri\u0119 zosta\u0142a wykonana w Pradze. Doskonale ukazuje proces zast\u0119powania starych budynk\u00f3w zupe\u0142nie nowymi konstrukcjami.<\/p>\n<p>Maksymalny oferowany format to 150 x 225 cm. W przypadku ch\u0119ci zam\u00f3wienia mniejszego, kieruj si\u0119 proporcjami 2:3 (np. 20 x 30 cm, 50 x75 cm, 60 x 90 cm itd.). Fotografia sygnowana moim podpisem, a na jej odwrocie do\u0142\u0105czony b\u0119dzie certyfikat autentyczno\u015bci.<\/p>\n","protected":false},"featured_media":17941,"comment_status":"closed","ping_status":"closed","template":"","meta":{"_exactmetrics_skip_tracking":false,"_exactmetrics_sitenote_active":false,"_exactmetrics_sitenote_note":"","_exactmetrics_sitenote_category":0},"product_brand":[],"product_cat":[162,154],"product_tag":[],"class_list":{"0":"post-18138","1":"product","2":"type-product","3":"status-publish","4":"has-post-thumbnail","6":"product_cat-architecture","7":"product_cat-fot_kol","9":"first","10":"instock","11":"taxable","12":"shipping-taxable","13":"purchasable","14":"product-type-simple"},"_links":{"self":[{"href":"https:\/\/damianhornet.com\/en\/wp-json\/wp\/v2\/product\/18138","targetHints":{"allow":["GET"]}}],"collection":[{"href":"https:\/\/damianhornet.com\/en\/wp-json\/wp\/v2\/product"}],"about":[{"href":"https:\/\/damianhornet.com\/en\/wp-json\/wp\/v2\/types\/product"}],"replies":[{"embeddable":true,"href":"https:\/\/damianhornet.com\/en\/wp-json\/wp\/v2\/comments?post=18138"}],"wp:featuredmedia":[{"embeddable":true,"href":"https:\/\/damianhornet.com\/en\/wp-json\/wp\/v2\/media\/17941"}],"wp:attachment":[{"href":"https:\/\/damianhornet.com\/en\/wp-json\/wp\/v2\/media?parent=18138"}],"wp:term":[{"taxonomy":"product_brand","embeddable":true,"href":"https:\/\/damianhornet.com\/en\/wp-json\/wp\/v2\/product_brand?post=18138"},{"taxonomy":"product_cat","embeddable":true,"href":"https:\/\/damianhornet.com\/en\/wp-json\/wp\/v2\/product_cat?post=18138"},{"taxonomy":"product_tag","embeddable":true,"href":"https:\/\/damianhornet.com\/en\/wp-json\/wp\/v2\/product_tag?post=18138"}],"curies":[{"name":"wp","href":"https:\/\/api.w.org\/{rel}","templated":true}]}}