{"id":18154,"date":"2021-05-09T20:58:11","date_gmt":"2021-05-09T18:58:11","guid":{"rendered":"https:\/\/damianhornet.com\/?post_type=product&#038;p=18154"},"modified":"2026-04-25T01:00:36","modified_gmt":"2026-04-24T23:00:36","slug":"street_05","status":"publish","type":"product","link":"https:\/\/damianhornet.com\/en\/produkt\/street_05\/","title":{"rendered":"STREET_05"},"content":{"rendered":"<p>Z regu\u0142y nie fotografuj\u0119 g\u0142\u00f3wnych atrakcji w odwiedzanych miejscach. Trudno jest unikn\u0105\u0107 oczywisto\u015bci. Jednak w przypadku Coloseum zrobi\u0142em wyj\u0105tek. Podj\u0105\u0142em pr\u00f3b\u0119 spojrzenia na nie w sw\u00f3j indywidualny spos\u00f3b. Nie bez przyczyny na pierwszym planie jest najprawdziwszy turysta. To w ko\u0144cu oni dominuj\u0105 niemal\u017ce ka\u017cdy skrawek ziemi w stolicy W\u0142och.<\/p>\n<p>Seria STREET jest fotograficznym zapisem moich wypad\u00f3w na miasto. Praga, Berlin, Valetta, Rzym, Zadar, Pozna\u0144, Warszawa, Gda\u0144sk, Bibione, Londyn, Dublin, Bray to tylko cz\u0119\u015b\u0107 z tych w kt\u00f3rych znalaz\u0142em co\u015b ciekawego. Jak\u0105\u015b histori\u0119, jaki\u015b epizod, \u015blad cz\u0142owieka wart pokazania. Ka\u017cde z tych zdj\u0119\u0107 jest bardzo osobistym zapisem tego co widzia\u0142em, czu\u0142em i prze\u017cy\u0142em b\u0119d\u0105c tam i wtedy.<\/p>\n<p>Je\u015bli ta praca przypad\u0142a Tobie do gustu, mo\u017cesz wej\u015b\u0107 w jej posiadanie jako jednej z pi\u0119ciu lub jedynej. Decyzja nale\u017cy do Ciebie. W tym drugim przypadku prosz\u0119 o kontakt mailowy w celu om\u00f3wienia szczeg\u00f3\u0142\u00f3w transakcji (pisz na adres: hello@damianhornet.com).<\/p>\n<p>Maksymalny oferowany format to 150 x 225 cm. W przypadku ch\u0119ci zam\u00f3wienia mniejszego, kieruj si\u0119 proporcjami 2:3 (np. 20 x 30 cm, 50 x75 cm, 60 x 90 cm itd.). Fotografia sygnowana moim podpisem, a na jej odwrocie do\u0142\u0105czony b\u0119dzie certyfikat autentyczno\u015bci.<\/p>\n<p>Czas realizacji zam\u00f3wienia: 15 dni roboczych.<\/p>\n","protected":false},"excerpt":{"rendered":"<p>Z regu\u0142y nie fotografuj\u0119 g\u0142\u00f3wnych atrakcji w odwiedzanych miejscach. Trudno jest unikn\u0105\u0107 oczywisto\u015bci. Jednak w przypadku Coloseum zrobi\u0142em wyj\u0105tek. Podj\u0105\u0142em pr\u00f3b\u0119 spojrzenia na nie w sw\u00f3j indywidualny spos\u00f3b. Nie bez przyczyny na pierwszym planie jest najprawdziwszy turysta. To w ko\u0144cu oni dominuj\u0105 niemal\u017ce ka\u017cdy skrawek ziemi w stolicy W\u0142och.<\/p>\n<p>Seria STREET jest fotograficznym zapisem moich wypad\u00f3w na miasto. Praga, Berlin, Valetta, Rzym, Zadar, Pozna\u0144, Warszawa, Gda\u0144sk, Bibione, Londyn, Dublin, Bray to tylko cz\u0119\u015b\u0107 z tych w kt\u00f3rych znalaz\u0142em co\u015b ciekawego. Jak\u0105\u015b histori\u0119, jaki\u015b epizod, \u015blad cz\u0142owieka wart pokazania. Ka\u017cde z tych zdj\u0119\u0107 jest bardzo osobistym zapisem tego co widzia\u0142em, czu\u0142em i prze\u017cy\u0142em b\u0119d\u0105c tam i wtedy.<\/p>\n<p>Maksymalny oferowany format to 150 x 225 cm. W przypadku ch\u0119ci zam\u00f3wienia mniejszego, kieruj si\u0119 proporcjami 2:3 (np. 20 x 30 cm, 50 x75 cm, 60 x 90 cm itd.). Fotografia sygnowana moim podpisem, a na jej odwrocie do\u0142\u0105czony b\u0119dzie certyfikat autentyczno\u015bci.<\/p>\n","protected":false},"featured_media":18029,"comment_status":"closed","ping_status":"closed","template":"","meta":{"_exactmetrics_skip_tracking":false,"_exactmetrics_sitenote_active":false,"_exactmetrics_sitenote_note":"","_exactmetrics_sitenote_category":0},"product_brand":[],"product_cat":[163,154],"product_tag":[],"class_list":{"0":"post-18154","1":"product","2":"type-product","3":"status-publish","4":"has-post-thumbnail","6":"product_cat-street","7":"product_cat-fot_kol","9":"first","10":"instock","11":"taxable","12":"shipping-taxable","13":"purchasable","14":"product-type-simple"},"_links":{"self":[{"href":"https:\/\/damianhornet.com\/en\/wp-json\/wp\/v2\/product\/18154","targetHints":{"allow":["GET"]}}],"collection":[{"href":"https:\/\/damianhornet.com\/en\/wp-json\/wp\/v2\/product"}],"about":[{"href":"https:\/\/damianhornet.com\/en\/wp-json\/wp\/v2\/types\/product"}],"replies":[{"embeddable":true,"href":"https:\/\/damianhornet.com\/en\/wp-json\/wp\/v2\/comments?post=18154"}],"wp:featuredmedia":[{"embeddable":true,"href":"https:\/\/damianhornet.com\/en\/wp-json\/wp\/v2\/media\/18029"}],"wp:attachment":[{"href":"https:\/\/damianhornet.com\/en\/wp-json\/wp\/v2\/media?parent=18154"}],"wp:term":[{"taxonomy":"product_brand","embeddable":true,"href":"https:\/\/damianhornet.com\/en\/wp-json\/wp\/v2\/product_brand?post=18154"},{"taxonomy":"product_cat","embeddable":true,"href":"https:\/\/damianhornet.com\/en\/wp-json\/wp\/v2\/product_cat?post=18154"},{"taxonomy":"product_tag","embeddable":true,"href":"https:\/\/damianhornet.com\/en\/wp-json\/wp\/v2\/product_tag?post=18154"}],"curies":[{"name":"wp","href":"https:\/\/api.w.org\/{rel}","templated":true}]}}