{"id":18157,"date":"2021-05-09T21:57:28","date_gmt":"2021-05-09T19:57:28","guid":{"rendered":"https:\/\/damianhornet.com\/?post_type=product&#038;p=18157"},"modified":"2026-04-25T01:00:36","modified_gmt":"2026-04-24T23:00:36","slug":"street_08","status":"publish","type":"product","link":"https:\/\/damianhornet.com\/en\/produkt\/street_08\/","title":{"rendered":"STREET_08"},"content":{"rendered":"<p>Czy w du\u017cym, wielotysi\u0119cznym mie\u015bcie mo\u017cna czu\u0107 samotno\u015b\u0107? Tak. Czy mo\u017cna to pokaza\u0107 jednym kadrem? Tak. I to jest w\u0142a\u015bnie on. T\u0119 niesamowit\u0105 scen\u0119 wypatrzy\u0142em we Wroc\u0142awiu kilka lat temu. Za ka\u017cdym razem, gdy patrz\u0119 na t\u0119 fotografi\u0119, przypomina mi si\u0119 czas, gdy by\u0142em sam ze swoimi \u017cyciowymi wyzwaniami. To by\u0142 przejmuj\u0105cy czas, ale jak si\u0119 okaza\u0142o bardzo potrzebny. Gdyby nie tamte do\u015bwiadczenia, nie by\u0142oby dzisiaj Horneta.<\/p>\n<p>Seria STREET jest fotograficznym zapisem moich wypad\u00f3w na miasto. Praga, Berlin, Valetta, Rzym, Zadar, Pozna\u0144, Warszawa, Gda\u0144sk, Bibione, Londyn, Dublin, Bray to tylko cz\u0119\u015b\u0107 z tych w kt\u00f3rych znalaz\u0142em co\u015b ciekawego. Jak\u0105\u015b histori\u0119, jaki\u015b epizod, \u015blad cz\u0142owieka wart pokazania. Ka\u017cde z tych zdj\u0119\u0107 jest bardzo osobistym zapisem tego co widzia\u0142em, czu\u0142em i prze\u017cy\u0142em b\u0119d\u0105c tam i wtedy.<\/p>\n<p>Je\u015bli ta praca przypad\u0142a Tobie do gustu, mo\u017cesz wej\u015b\u0107 w jej posiadanie jako jednej z pi\u0119ciu lub jedynej. Decyzja nale\u017cy do Ciebie. W tym drugim przypadku prosz\u0119 o kontakt mailowy w celu om\u00f3wienia szczeg\u00f3\u0142\u00f3w transakcji (pisz na adres: hello@damianhornet.com).<\/p>\n<p>Maksymalny oferowany format to 150 x 225 cm. W przypadku ch\u0119ci zam\u00f3wienia mniejszego, kieruj si\u0119 proporcjami 2:3 (np. 20 x 30 cm, 50 x75 cm, 60 x 90 cm itd.). Fotografia sygnowana moim podpisem, a na jej odwrocie do\u0142\u0105czony b\u0119dzie certyfikat autentyczno\u015bci.<\/p>\n<p>Czas realizacji zam\u00f3wienia: 15 dni roboczych.<\/p>\n","protected":false},"excerpt":{"rendered":"<p>Czy w du\u017cym, wielotysi\u0119cznym mie\u015bcie mo\u017cna czu\u0107 samotno\u015b\u0107? Tak. Czy mo\u017cna to pokaza\u0107 jednym kadrem? Tak. I to jest w\u0142a\u015bnie on. T\u0119 niesamowit\u0105 scen\u0119 wypatrzy\u0142em we Wroc\u0142awiu kilka lat temu. Za ka\u017cdym razem, gdy patrz\u0119 na t\u0119 fotografi\u0119, przypomina mi si\u0119 czas, gdy by\u0142em sam ze swoimi \u017cyciowymi wyzwaniami. To by\u0142 przejmuj\u0105cy czas, ale jak si\u0119 okaza\u0142o bardzo potrzebny. Gdyby nie tamte do\u015bwiadczenia, nie by\u0142oby dzisiaj Horneta.<\/p>\n<p>Seria STREET jest fotograficznym zapisem moich wypad\u00f3w na miasto. Praga, Berlin, Valetta, Rzym, Zadar, Pozna\u0144, Warszawa, Gda\u0144sk, Bibione, Londyn, Dublin, Bray to tylko cz\u0119\u015b\u0107 z tych w kt\u00f3rych znalaz\u0142em co\u015b ciekawego. Jak\u0105\u015b histori\u0119, jaki\u015b epizod, \u015blad cz\u0142owieka wart pokazania. Ka\u017cde z tych zdj\u0119\u0107 jest bardzo osobistym zapisem tego co widzia\u0142em, czu\u0142em i prze\u017cy\u0142em b\u0119d\u0105c tam i wtedy.<\/p>\n<p>Maksymalny oferowany format to 150 x 225 cm. W przypadku ch\u0119ci zam\u00f3wienia mniejszego, kieruj si\u0119 proporcjami 2:3 (np. 20 x 30 cm, 50 x75 cm, 60 x 90 cm itd.). Fotografia sygnowana moim podpisem, a na jej odwrocie do\u0142\u0105czony b\u0119dzie certyfikat autentyczno\u015bci.<\/p>\n","protected":false},"featured_media":18034,"comment_status":"closed","ping_status":"closed","template":"","meta":{"_exactmetrics_skip_tracking":false,"_exactmetrics_sitenote_active":false,"_exactmetrics_sitenote_note":"","_exactmetrics_sitenote_category":0},"product_brand":[],"product_cat":[163,154],"product_tag":[],"class_list":{"0":"post-18157","1":"product","2":"type-product","3":"status-publish","4":"has-post-thumbnail","6":"product_cat-street","7":"product_cat-fot_kol","9":"first","10":"instock","11":"taxable","12":"shipping-taxable","13":"purchasable","14":"product-type-simple"},"_links":{"self":[{"href":"https:\/\/damianhornet.com\/en\/wp-json\/wp\/v2\/product\/18157","targetHints":{"allow":["GET"]}}],"collection":[{"href":"https:\/\/damianhornet.com\/en\/wp-json\/wp\/v2\/product"}],"about":[{"href":"https:\/\/damianhornet.com\/en\/wp-json\/wp\/v2\/types\/product"}],"replies":[{"embeddable":true,"href":"https:\/\/damianhornet.com\/en\/wp-json\/wp\/v2\/comments?post=18157"}],"wp:featuredmedia":[{"embeddable":true,"href":"https:\/\/damianhornet.com\/en\/wp-json\/wp\/v2\/media\/18034"}],"wp:attachment":[{"href":"https:\/\/damianhornet.com\/en\/wp-json\/wp\/v2\/media?parent=18157"}],"wp:term":[{"taxonomy":"product_brand","embeddable":true,"href":"https:\/\/damianhornet.com\/en\/wp-json\/wp\/v2\/product_brand?post=18157"},{"taxonomy":"product_cat","embeddable":true,"href":"https:\/\/damianhornet.com\/en\/wp-json\/wp\/v2\/product_cat?post=18157"},{"taxonomy":"product_tag","embeddable":true,"href":"https:\/\/damianhornet.com\/en\/wp-json\/wp\/v2\/product_tag?post=18157"}],"curies":[{"name":"wp","href":"https:\/\/api.w.org\/{rel}","templated":true}]}}