{"id":18162,"date":"2021-05-09T23:03:49","date_gmt":"2021-05-09T21:03:49","guid":{"rendered":"https:\/\/damianhornet.com\/?post_type=product&#038;p=18162"},"modified":"2026-04-25T01:00:36","modified_gmt":"2026-04-24T23:00:36","slug":"street_11","status":"publish","type":"product","link":"https:\/\/damianhornet.com\/en\/produkt\/street_11\/","title":{"rendered":"STREET_11"},"content":{"rendered":"<p>Miejska architektura niczym \u017cycie, mo\u017ce cz\u0142owieka przyt\u0142oczy\u0107 swoim ogromem i z\u0142o\u017cono\u015bci\u0105. Ilekro\u0107 wracam do tego kadru, przypominam sobie jak niewielkim elementem Wszech\u015bwiata jestem ja, jeste\u015bmy my wszyscy. Zaczynaj\u0105c sw\u0105 przygod\u0119 z fotografi\u0105 streetow\u0105, nie przypuszcza\u0142em, \u017ce b\u0119dzie ona dawa\u0142a mi ona mo\u017cliwo\u015b\u0107 wypowiedzi na tematy wa\u017cne. Poznajesz to miejsce? Je\u015bli tak, to znaczy, \u017ce znasz Pozna\u0144 bardzo dobrze.<\/p>\n<p>Seria STREET jest fotograficznym zapisem moich wypad\u00f3w na miasto. Praga, Berlin, Valetta, Rzym, Zadar, Pozna\u0144, Warszawa, Gda\u0144sk, Bibione, Londyn, Dublin, Bray to tylko cz\u0119\u015b\u0107 z tych w kt\u00f3rych znalaz\u0142em co\u015b ciekawego. Jak\u0105\u015b histori\u0119, jaki\u015b epizod, \u015blad cz\u0142owieka wart pokazania. Ka\u017cde z tych zdj\u0119\u0107 jest bardzo osobistym zapisem tego co widzia\u0142em, czu\u0142em i prze\u017cy\u0142em b\u0119d\u0105c tam i wtedy.<\/p>\n<p>Je\u015bli ta praca przypad\u0142a Tobie do gustu, mo\u017cesz wej\u015b\u0107 w jej posiadanie jako jednej z pi\u0119ciu lub jedynej. Decyzja nale\u017cy do Ciebie. W tym drugim przypadku prosz\u0119 o kontakt mailowy w celu om\u00f3wienia szczeg\u00f3\u0142\u00f3w transakcji (pisz na adres: hello@damianhornet.com).<\/p>\n<p>Maksymalny oferowany format to 150 x 225 cm. W przypadku ch\u0119ci zam\u00f3wienia mniejszego, kieruj si\u0119 proporcjami 2:3 (np. 20 x 30 cm, 50 x75 cm, 60 x 90 cm itd.). Fotografia sygnowana moim podpisem, a na jej odwrocie do\u0142\u0105czony b\u0119dzie certyfikat autentyczno\u015bci.<\/p>\n<p>Czas realizacji zam\u00f3wienia: 15 dni roboczych.<\/p>\n","protected":false},"excerpt":{"rendered":"<p>Wykonuj\u0105c t\u0119 fotografi\u0119 nie mia\u0142em jeszcze bladego poj\u0119cia o tym, \u017ce niebawem losy rzuc\u0105 mnie do Warszawy na nieco d\u0142u\u017cej. Wtedy by\u0142em na go\u015bcinnych wyst\u0119pach. Wszystko by\u0142o nowe, nieodkryte. Poza kilkoma miejscami, kt\u00f3re pozna\u0142em podczas wcze\u015bniejszych wizyt i t\u0105 uliczk\u0105, kt\u00f3r\u0105 widzisz na zdj\u0119ciu. Spodoba\u0142a mi si\u0119 wcze\u015bniej i postanowi\u0142em, \u017ce do niej wr\u00f3c\u0119. To by\u0142 udany powr\u00f3t.<\/p>\n<p>Seria STREET jest fotograficznym zapisem moich wypad\u00f3w na miasto. Praga, Berlin, Valetta, Rzym, Zadar, Pozna\u0144, Warszawa, Gda\u0144sk, Bibione, Londyn, Dublin, Bray to tylko cz\u0119\u015b\u0107 z tych w kt\u00f3rych znalaz\u0142em co\u015b ciekawego. Jak\u0105\u015b histori\u0119, jaki\u015b epizod, \u015blad cz\u0142owieka wart pokazania. Ka\u017cde z tych zdj\u0119\u0107 jest bardzo osobistym zapisem tego co widzia\u0142em, czu\u0142em i prze\u017cy\u0142em b\u0119d\u0105c tam i wtedy.<\/p>\n<p>Maksymalny oferowany format to 150 x 225 cm. W przypadku ch\u0119ci zam\u00f3wienia mniejszego, kieruj si\u0119 proporcjami 2:3 (np. 20 x 30 cm, 50 x75 cm, 60 x 90 cm itd.). Fotografia sygnowana moim podpisem, a na jej odwrocie do\u0142\u0105czony b\u0119dzie certyfikat autentyczno\u015bci.<\/p>\n","protected":false},"featured_media":18041,"comment_status":"closed","ping_status":"closed","template":"","meta":{"_exactmetrics_skip_tracking":false,"_exactmetrics_sitenote_active":false,"_exactmetrics_sitenote_note":"","_exactmetrics_sitenote_category":0},"product_brand":[],"product_cat":[163,154],"product_tag":[],"class_list":{"0":"post-18162","1":"product","2":"type-product","3":"status-publish","4":"has-post-thumbnail","6":"product_cat-street","7":"product_cat-fot_kol","9":"first","10":"instock","11":"taxable","12":"shipping-taxable","13":"purchasable","14":"product-type-simple"},"_links":{"self":[{"href":"https:\/\/damianhornet.com\/en\/wp-json\/wp\/v2\/product\/18162","targetHints":{"allow":["GET"]}}],"collection":[{"href":"https:\/\/damianhornet.com\/en\/wp-json\/wp\/v2\/product"}],"about":[{"href":"https:\/\/damianhornet.com\/en\/wp-json\/wp\/v2\/types\/product"}],"replies":[{"embeddable":true,"href":"https:\/\/damianhornet.com\/en\/wp-json\/wp\/v2\/comments?post=18162"}],"wp:featuredmedia":[{"embeddable":true,"href":"https:\/\/damianhornet.com\/en\/wp-json\/wp\/v2\/media\/18041"}],"wp:attachment":[{"href":"https:\/\/damianhornet.com\/en\/wp-json\/wp\/v2\/media?parent=18162"}],"wp:term":[{"taxonomy":"product_brand","embeddable":true,"href":"https:\/\/damianhornet.com\/en\/wp-json\/wp\/v2\/product_brand?post=18162"},{"taxonomy":"product_cat","embeddable":true,"href":"https:\/\/damianhornet.com\/en\/wp-json\/wp\/v2\/product_cat?post=18162"},{"taxonomy":"product_tag","embeddable":true,"href":"https:\/\/damianhornet.com\/en\/wp-json\/wp\/v2\/product_tag?post=18162"}],"curies":[{"name":"wp","href":"https:\/\/api.w.org\/{rel}","templated":true}]}}