{"id":18190,"date":"2021-05-13T17:12:23","date_gmt":"2021-05-13T15:12:23","guid":{"rendered":"https:\/\/damianhornet.com\/?post_type=product&#038;p=18190"},"modified":"2026-04-29T01:00:08","modified_gmt":"2026-04-28T23:00:08","slug":"street_29","status":"publish","type":"product","link":"https:\/\/damianhornet.com\/en\/produkt\/street_29\/","title":{"rendered":"STREET_29"},"content":{"rendered":"<p>Ten dzie\u0144 pami\u0119tam doskonale. Up\u0142yn\u0105\u0142 mi prawie ca\u0142kowicie na przekazywaniu wiedzy o fotografii, c\u00f3rce mojej kole\u017canki z podstaw\u00f3wki. W Poznaniu by\u0142o s\u0142onecznie i po kilku godzinach spaceru byli\u015bmy ju\u017c troch\u0119 wyczerpani. Gdy rozdzielili\u015bmy si\u0119 na godzin\u0119, aby m\u0142oda adeptka nie\u0142atwej sztuki fotografowania mog\u0142a popracowa\u0107 samodzielnie, r\u00f3wnie\u017c i ja wzi\u0105\u0142em si\u0119 do fotografowania. Przygl\u0105da\u0142em si\u0119 spokojnie \u017cyciu tocz\u0105cemu si\u0119 wok\u00f3\u0142 pozna\u0144skiego dworca i czeka\u0142em na odpowiedni moment by nacisn\u0105\u0107 spust migawki. Po kilkunastu minutach mia\u0142em ju\u017c ten kadr. Kadr w kt\u00f3rym wszystko u\u0142o\u017cy\u0142o si\u0119 jak za poci\u0105gni\u0119ciem magicznej r\u00f3\u017cd\u017cki. Dobry street to cz\u0119sto kwestia cierpliwo\u015bci.<\/p>\n<p>Seria STREET jest fotograficznym zapisem moich wypad\u00f3w na miasto. Praga, Berlin, Valetta, Rzym, Zadar, Pozna\u0144, Warszawa, Gda\u0144sk, Bibione, Londyn, Dublin, Bray to tylko cz\u0119\u015b\u0107 z tych w kt\u00f3rych znalaz\u0142em co\u015b ciekawego. Jak\u0105\u015b histori\u0119, jaki\u015b epizod, \u015blad cz\u0142owieka wart pokazania. Ka\u017cde z tych zdj\u0119\u0107 jest bardzo osobistym zapisem tego co widzia\u0142em, czu\u0142em i prze\u017cy\u0142em b\u0119d\u0105c tam i wtedy.<\/p>\n<p>Je\u015bli ta praca przypad\u0142a Tobie do gustu, mo\u017cesz wej\u015b\u0107 w jej posiadanie jako jednej z pi\u0119ciu lub jedynej. Decyzja nale\u017cy do Ciebie. W tym drugim przypadku prosz\u0119 o kontakt mailowy w celu om\u00f3wienia szczeg\u00f3\u0142\u00f3w transakcji (pisz na adres: hello@damianhornet.com).<\/p>\n<p>Maksymalny oferowany format to 150 x 225 cm. W przypadku ch\u0119ci zam\u00f3wienia mniejszego, kieruj si\u0119 proporcjami 2:3 (np. 20 x 30 cm, 50 x75 cm, 60 x 90 cm itd.). Fotografia sygnowana moim podpisem, a na jej odwrocie do\u0142\u0105czony b\u0119dzie certyfikat autentyczno\u015bci.<\/p>\n<p>Czas realizacji zam\u00f3wienia: 15 dni roboczych.<\/p>\n","protected":false},"excerpt":{"rendered":"<p>Ten dzie\u0144 pami\u0119tam doskonale. Up\u0142yn\u0105\u0142 mi prawie ca\u0142kowicie na przekazywaniu wiedzy o fotografii, c\u00f3rce mojej kole\u017canki z podstaw\u00f3wki. W Poznaniu by\u0142o s\u0142onecznie i po kilku godzinach spaceru byli\u015bmy ju\u017c troch\u0119 wyczerpani. Gdy rozdzielili\u015bmy si\u0119 na godzin\u0119, aby m\u0142oda adeptka nie\u0142atwej sztuki fotografowania mog\u0142a popracowa\u0107 samodzielnie, r\u00f3wnie\u017c i ja wzi\u0105\u0142em si\u0119 do fotografowania. Przygl\u0105da\u0142em si\u0119 spokojnie \u017cyciu tocz\u0105cemu si\u0119 wok\u00f3\u0142 pozna\u0144skiego dworca i czeka\u0142em na odpowiedni moment by nacisn\u0105\u0107 spust migawki. Po kilkunastu minutach mia\u0142em ju\u017c ten kadr. Kadr w kt\u00f3rym wszystko u\u0142o\u017cy\u0142o si\u0119 jak za poci\u0105gni\u0119ciem magicznej r\u00f3\u017cd\u017cki. Dobry street to cz\u0119sto kwestia cierpliwo\u015bci.<\/p>\n<p>Seria STREET jest fotograficznym zapisem moich wypad\u00f3w na miasto. Praga, Berlin, Valetta, Rzym, Zadar, Pozna\u0144, Warszawa, Gda\u0144sk, Bibione, Londyn, Dublin, Bray to tylko cz\u0119\u015b\u0107 z tych w kt\u00f3rych znalaz\u0142em co\u015b ciekawego. Jak\u0105\u015b histori\u0119, jaki\u015b epizod, \u015blad cz\u0142owieka wart pokazania. Ka\u017cde z tych zdj\u0119\u0107 jest bardzo osobistym zapisem tego co widzia\u0142em, czu\u0142em i prze\u017cy\u0142em b\u0119d\u0105c tam i wtedy.<\/p>\n<p>Maksymalny oferowany format to 150 x 225 cm. W przypadku ch\u0119ci zam\u00f3wienia mniejszego, kieruj si\u0119 proporcjami 2:3 (np. 20 x 30 cm, 50 x75 cm, 60 x 90 cm itd.). Fotografia sygnowana moim podpisem, a na jej odwrocie do\u0142\u0105czony b\u0119dzie certyfikat autentyczno\u015bci.<\/p>\n","protected":false},"featured_media":18077,"comment_status":"closed","ping_status":"closed","template":"","meta":{"_exactmetrics_skip_tracking":false,"_exactmetrics_sitenote_active":false,"_exactmetrics_sitenote_note":"","_exactmetrics_sitenote_category":0},"product_brand":[],"product_cat":[163,154],"product_tag":[],"class_list":{"0":"post-18190","1":"product","2":"type-product","3":"status-publish","4":"has-post-thumbnail","6":"product_cat-street","7":"product_cat-fot_kol","9":"first","10":"instock","11":"taxable","12":"shipping-taxable","13":"purchasable","14":"product-type-simple"},"_links":{"self":[{"href":"https:\/\/damianhornet.com\/en\/wp-json\/wp\/v2\/product\/18190","targetHints":{"allow":["GET"]}}],"collection":[{"href":"https:\/\/damianhornet.com\/en\/wp-json\/wp\/v2\/product"}],"about":[{"href":"https:\/\/damianhornet.com\/en\/wp-json\/wp\/v2\/types\/product"}],"replies":[{"embeddable":true,"href":"https:\/\/damianhornet.com\/en\/wp-json\/wp\/v2\/comments?post=18190"}],"wp:featuredmedia":[{"embeddable":true,"href":"https:\/\/damianhornet.com\/en\/wp-json\/wp\/v2\/media\/18077"}],"wp:attachment":[{"href":"https:\/\/damianhornet.com\/en\/wp-json\/wp\/v2\/media?parent=18190"}],"wp:term":[{"taxonomy":"product_brand","embeddable":true,"href":"https:\/\/damianhornet.com\/en\/wp-json\/wp\/v2\/product_brand?post=18190"},{"taxonomy":"product_cat","embeddable":true,"href":"https:\/\/damianhornet.com\/en\/wp-json\/wp\/v2\/product_cat?post=18190"},{"taxonomy":"product_tag","embeddable":true,"href":"https:\/\/damianhornet.com\/en\/wp-json\/wp\/v2\/product_tag?post=18190"}],"curies":[{"name":"wp","href":"https:\/\/api.w.org\/{rel}","templated":true}]}}