{"id":18192,"date":"2021-05-14T07:45:41","date_gmt":"2021-05-14T05:45:41","guid":{"rendered":"https:\/\/damianhornet.com\/?post_type=product&#038;p=18192"},"modified":"2026-04-27T01:00:28","modified_gmt":"2026-04-26T23:00:28","slug":"street_31","status":"publish","type":"product","link":"https:\/\/damianhornet.com\/en\/produkt\/street_31\/","title":{"rendered":"STREET_31"},"content":{"rendered":"<p>Jak powinien wygl\u0105da\u0107 wiecz\u00f3r dojrza\u0142ej kobiety? Hmm&#8230; wg kreowanej przez social media rzeczywisto\u015bci, powinna le\u017ce\u0107 w obj\u0119ciach swego w\u0142oskiego lub hiszpa\u0144skiego kochanka, op\u0142ywa\u0107 w luksusy i czerpa\u0107 z \u017cycia pe\u0142n\u0105 gar\u015bci\u0105. A jak wygl\u0105da \u017cycie takiej kobiety w rzeczywisto\u015bci? Do p\u00f3\u017ana w nocy ogarnia chat\u0119 w czasie, gdy jej m\u0105\u017c siedz\u0105c przed telewizorem wypija kolejnego browara. Czy mo\u017cna to wszystko pokaza\u0107 w jednym kadrze? My\u015bl\u0119, \u017ce tak. I to jest w\u0142a\u015bnie ten kadr.<\/p>\n<p>Seria STREET jest fotograficznym zapisem moich wypad\u00f3w na miasto. Praga, Berlin, Valetta, Rzym, Zadar, Pozna\u0144, Warszawa, Gda\u0144sk, Bibione, Londyn, Dublin, Bray to tylko cz\u0119\u015b\u0107 z tych w kt\u00f3rych znalaz\u0142em co\u015b ciekawego. Jak\u0105\u015b histori\u0119, jaki\u015b epizod, \u015blad cz\u0142owieka wart pokazania. Ka\u017cde z tych zdj\u0119\u0107 jest bardzo osobistym zapisem tego co widzia\u0142em, czu\u0142em i prze\u017cy\u0142em b\u0119d\u0105c tam i wtedy.<\/p>\n<p>Je\u015bli ta praca przypad\u0142a Tobie do gustu, mo\u017cesz wej\u015b\u0107 w jej posiadanie jako jednej z pi\u0119ciu lub jedynej. Decyzja nale\u017cy do Ciebie. W tym drugim przypadku prosz\u0119 o kontakt mailowy w celu om\u00f3wienia szczeg\u00f3\u0142\u00f3w transakcji (pisz na adres: hello@damianhornet.com).<\/p>\n<p>Maksymalny oferowany format to 150 x 225 cm. W przypadku ch\u0119ci zam\u00f3wienia mniejszego, kieruj si\u0119 proporcjami 2:3 (np. 20 x 30 cm, 50 x75 cm, 60 x 90 cm itd.). Fotografia sygnowana moim podpisem, a na jej odwrocie do\u0142\u0105czony b\u0119dzie certyfikat autentyczno\u015bci.<\/p>\n<p>Czas realizacji zam\u00f3wienia: 15 dni roboczych.<\/p>\n","protected":false},"excerpt":{"rendered":"<p>Jak powinien wygl\u0105da\u0107 wiecz\u00f3r dojrza\u0142ej kobiety? Hmm&#8230; wg kreowanej przez social media rzeczywisto\u015bci, powinna le\u017ce\u0107 w obj\u0119ciach swego w\u0142oskiego lub hiszpa\u0144skiego kochanka, op\u0142ywa\u0107 w luksusy i czerpa\u0107 z \u017cycia pe\u0142n\u0105 gar\u015bci\u0105. A jak wygl\u0105da \u017cycie takiej kobiety w rzeczywisto\u015bci? Do p\u00f3\u017ana w nocy ogarnia chat\u0119 w czasie, gdy jej m\u0105\u017c siedz\u0105c przed telewizorem wypija kolejnego browara. Czy mo\u017cna to wszystko pokaza\u0107 w jednym kadrze? My\u015bl\u0119, \u017ce tak. I to jest w\u0142a\u015bnie ten kadr.<\/p>\n<p>Seria STREET jest fotograficznym zapisem moich wypad\u00f3w na miasto. Praga, Berlin, Valetta, Rzym, Zadar, Pozna\u0144, Warszawa, Gda\u0144sk, Bibione, Londyn, Dublin, Bray to tylko cz\u0119\u015b\u0107 z tych w kt\u00f3rych znalaz\u0142em co\u015b ciekawego. Jak\u0105\u015b histori\u0119, jaki\u015b epizod, \u015blad cz\u0142owieka wart pokazania. Ka\u017cde z tych zdj\u0119\u0107 jest bardzo osobistym zapisem tego co widzia\u0142em, czu\u0142em i prze\u017cy\u0142em b\u0119d\u0105c tam i wtedy.<\/p>\n<p>Maksymalny oferowany format to 150 x 225 cm. W przypadku ch\u0119ci zam\u00f3wienia mniejszego, kieruj si\u0119 proporcjami 2:3 (np. 20 x 30 cm, 50 x75 cm, 60 x 90 cm itd.). Fotografia sygnowana moim podpisem, a na jej odwrocie do\u0142\u0105czony b\u0119dzie certyfikat autentyczno\u015bci.<\/p>\n","protected":false},"featured_media":18081,"comment_status":"closed","ping_status":"closed","template":"","meta":{"_exactmetrics_skip_tracking":false,"_exactmetrics_sitenote_active":false,"_exactmetrics_sitenote_note":"","_exactmetrics_sitenote_category":0},"product_brand":[],"product_cat":[163,154],"product_tag":[],"class_list":{"0":"post-18192","1":"product","2":"type-product","3":"status-publish","4":"has-post-thumbnail","6":"product_cat-street","7":"product_cat-fot_kol","9":"first","10":"instock","11":"taxable","12":"shipping-taxable","13":"purchasable","14":"product-type-simple"},"_links":{"self":[{"href":"https:\/\/damianhornet.com\/en\/wp-json\/wp\/v2\/product\/18192","targetHints":{"allow":["GET"]}}],"collection":[{"href":"https:\/\/damianhornet.com\/en\/wp-json\/wp\/v2\/product"}],"about":[{"href":"https:\/\/damianhornet.com\/en\/wp-json\/wp\/v2\/types\/product"}],"replies":[{"embeddable":true,"href":"https:\/\/damianhornet.com\/en\/wp-json\/wp\/v2\/comments?post=18192"}],"wp:featuredmedia":[{"embeddable":true,"href":"https:\/\/damianhornet.com\/en\/wp-json\/wp\/v2\/media\/18081"}],"wp:attachment":[{"href":"https:\/\/damianhornet.com\/en\/wp-json\/wp\/v2\/media?parent=18192"}],"wp:term":[{"taxonomy":"product_brand","embeddable":true,"href":"https:\/\/damianhornet.com\/en\/wp-json\/wp\/v2\/product_brand?post=18192"},{"taxonomy":"product_cat","embeddable":true,"href":"https:\/\/damianhornet.com\/en\/wp-json\/wp\/v2\/product_cat?post=18192"},{"taxonomy":"product_tag","embeddable":true,"href":"https:\/\/damianhornet.com\/en\/wp-json\/wp\/v2\/product_tag?post=18192"}],"curies":[{"name":"wp","href":"https:\/\/api.w.org\/{rel}","templated":true}]}}