{"id":18346,"date":"2021-06-01T00:03:17","date_gmt":"2021-05-31T22:03:17","guid":{"rendered":"https:\/\/damianhornet.com\/?post_type=product&#038;p=18346"},"modified":"2025-04-24T16:57:14","modified_gmt":"2025-04-24T14:57:14","slug":"architecture_01-plakat-50x70-cm","status":"publish","type":"product","link":"https:\/\/damianhornet.com\/en\/produkt\/architecture_01-plakat-50x70-cm\/","title":{"rendered":"ARCHITECTURE_01 &#8211; plakat 50&#215;70 cm"},"content":{"rendered":"<p>Seria ARCHITECTURE to moje spojrzenie na budynki, kt\u00f3re otaczaj\u0105 nas w ilo\u015bci wr\u0119cz przyt\u0142aczaj\u0105cej. Na szcz\u0119\u015bcie w tej masie mo\u017cna znale\u017a\u0107 prawdziwe pere\u0142ki. Fotografia, kt\u00f3ra otwiera t\u0119 seri\u0119 zosta\u0142a wykonana w Pradze. Doskonale ukazuje proces zast\u0119powania starych budynk\u00f3w zupe\u0142nie nowymi konstrukcjami.<\/p>\n<p>Fotografia ta dost\u0119pna jest w formie plakatu kolekcjonerskiego w limitowanej ilo\u015bci 100 szt. Ka\u017cda sztuka sygnowana jest moim podpisem oraz numerem w serii. Wy\u015bl\u0119 j\u0105 do Ciebie kurierem lub do paczkomatu w wytrzyma\u0142ej, eleganckiej tubie. Oferowany format to 50&#215;70 cm. W przypadku ch\u0119ci zam\u00f3wienia mniejszego, kieruj si\u0119 proporcjami 5:7 (np. 20 x 28 cm, 25 x 35 cm, 30 x 42 cm itd.). Preferowany rozmiar wpisz prosz\u0119 w uwagach do zam\u00f3wienia.<\/p>\n<p>Czas realizacji zam\u00f3wienia: 10 dni roboczych.<\/p>\n","protected":false},"excerpt":{"rendered":"<p>Seria ARCHITECTURE to moje spojrzenie na budynki, kt\u00f3re otaczaj\u0105 nas w ilo\u015bci wr\u0119cz przyt\u0142aczaj\u0105cej. Na szcz\u0119\u015bcie w tej masie mo\u017cna znale\u017a\u0107 prawdziwe pere\u0142ki. Fotografia, kt\u00f3ra otwiera t\u0119 seri\u0119 zosta\u0142a wykonana w Pradze. Doskonale ukazuje proces zast\u0119powania starych budynk\u00f3w zupe\u0142nie nowymi konstrukcjami.<\/p>\n<p>Fotografia ta dost\u0119pna jest w formie plakatu kolekcjonerskiego w limitowanej ilo\u015bci 100 szt. Ka\u017cda sztuka sygnowana jest moim podpisem oraz numerem w serii.<\/p>\n","protected":false},"featured_media":18505,"comment_status":"closed","ping_status":"closed","template":"","meta":{"_exactmetrics_skip_tracking":false,"_exactmetrics_sitenote_active":false,"_exactmetrics_sitenote_note":"","_exactmetrics_sitenote_category":0},"product_brand":[],"product_cat":[165,164],"product_tag":[],"class_list":{"0":"post-18346","1":"product","2":"type-product","3":"status-publish","4":"has-post-thumbnail","6":"product_cat-architecture-plakat-kolekcjonerski","7":"product_cat-plakat-kolekcjonerski","9":"first","10":"instock","11":"taxable","12":"shipping-taxable","13":"purchasable","14":"product-type-simple"},"_links":{"self":[{"href":"https:\/\/damianhornet.com\/en\/wp-json\/wp\/v2\/product\/18346","targetHints":{"allow":["GET"]}}],"collection":[{"href":"https:\/\/damianhornet.com\/en\/wp-json\/wp\/v2\/product"}],"about":[{"href":"https:\/\/damianhornet.com\/en\/wp-json\/wp\/v2\/types\/product"}],"replies":[{"embeddable":true,"href":"https:\/\/damianhornet.com\/en\/wp-json\/wp\/v2\/comments?post=18346"}],"wp:featuredmedia":[{"embeddable":true,"href":"https:\/\/damianhornet.com\/en\/wp-json\/wp\/v2\/media\/18505"}],"wp:attachment":[{"href":"https:\/\/damianhornet.com\/en\/wp-json\/wp\/v2\/media?parent=18346"}],"wp:term":[{"taxonomy":"product_brand","embeddable":true,"href":"https:\/\/damianhornet.com\/en\/wp-json\/wp\/v2\/product_brand?post=18346"},{"taxonomy":"product_cat","embeddable":true,"href":"https:\/\/damianhornet.com\/en\/wp-json\/wp\/v2\/product_cat?post=18346"},{"taxonomy":"product_tag","embeddable":true,"href":"https:\/\/damianhornet.com\/en\/wp-json\/wp\/v2\/product_tag?post=18346"}],"curies":[{"name":"wp","href":"https:\/\/api.w.org\/{rel}","templated":true}]}}