{"id":18357,"date":"2021-06-01T16:05:53","date_gmt":"2021-06-01T14:05:53","guid":{"rendered":"https:\/\/damianhornet.com\/?post_type=product&#038;p=18357"},"modified":"2023-08-21T07:56:41","modified_gmt":"2023-08-21T05:56:41","slug":"architecture_06-plakat-50x70-cm","status":"publish","type":"product","link":"https:\/\/damianhornet.com\/en\/produkt\/architecture_06-plakat-50x70-cm\/","title":{"rendered":"ARCHITECTURE_06 &#8211; plakat 50&#215;70 cm"},"content":{"rendered":"<p>Czy \u0141\u00f3d\u017a mo\u017ce zachwyca\u0107? Baaa\u2026 Oczywi\u015bcie! Jest magiczna. Ilekro\u0107 tam bywam znajduj\u0119 jakie\u015b architektoniczne smaczki, jak ten oto komin wyrastaj\u0105cy z ziemi niczym samotny olbrzym. Zrobi\u0142 na mnie niesamowite wra\u017cenie. Co ciekawe w jego s\u0105siedztwie jest spora ilo\u015b\u0107 kamienic, kt\u00f3re zamieszkuj\u0105 ludzie. Wida\u0107 da si\u0119 \u017cy\u0107 maj\u0105c za s\u0105siada takiego kopciucha.<\/p>\n<p>Seria ARCHITECTURE to moje spojrzenie na budynki, kt\u00f3re otaczaj\u0105 nas w ilo\u015bci wr\u0119cz przyt\u0142aczaj\u0105cej. Na szcz\u0119\u015bcie w tej masie mo\u017cna znale\u017a\u0107 prawdziwe pere\u0142ki.<\/p>\n<p>Fotografia ta dost\u0119pna jest w formie plakatu kolekcjonerskiego w limitowanej ilo\u015bci 100 szt. Ka\u017cda sztuka sygnowana jest moim podpisem oraz numerem w serii. Wy\u015bl\u0119 j\u0105 do Ciebie kurierem lub do paczkomatu w wytrzyma\u0142ej, eleganckiej tubie. Oferowany format to 50&#215;70 cm. W przypadku ch\u0119ci zam\u00f3wienia mniejszego, kieruj si\u0119 proporcjami 5:7 (np. 20 x 28 cm, 25 x 35 cm, 30 x 42 cm itd.). Preferowany rozmiar wpisz prosz\u0119 w uwagach do zam\u00f3wienia.<\/p>\n<p>Czas realizacji zam\u00f3wienia: 10 dni roboczych.<\/p>\n","protected":false},"excerpt":{"rendered":"<p>Czy \u0141\u00f3d\u017a mo\u017ce zachwyca\u0107? Baaa\u2026 Oczywi\u015bcie! Jest magiczna. Ilekro\u0107 tam bywam znajduj\u0119 jakie\u015b architektoniczne smaczki, jak ten oto komin wyrastaj\u0105cy z ziemi niczym samotny olbrzym. Zrobi\u0142 na mnie niesamowite wra\u017cenie. Co ciekawe w jego s\u0105siedztwie jest spora ilo\u015b\u0107 kamienic, kt\u00f3re zamieszkuj\u0105 ludzie. Wida\u0107 da si\u0119 \u017cy\u0107 maj\u0105c za s\u0105siada takiego kopciucha.<\/p>\n<p>Seria ARCHITECTURE to moje spojrzenie na budynki, kt\u00f3re otaczaj\u0105 nas w ilo\u015bci wr\u0119cz przyt\u0142aczaj\u0105cej. Na szcz\u0119\u015bcie w tej masie mo\u017cna znale\u017a\u0107 prawdziwe pere\u0142ki.<\/p>\n<p>Fotografia ta dost\u0119pna jest w formie plakatu kolekcjonerskiego w limitowanej ilo\u015bci 100 szt. Ka\u017cda sztuka sygnowana jest moim podpisem oraz numerem w serii.<\/p>\n","protected":false},"featured_media":18510,"comment_status":"closed","ping_status":"closed","template":"","meta":{"_exactmetrics_skip_tracking":false,"_exactmetrics_sitenote_active":false,"_exactmetrics_sitenote_note":"","_exactmetrics_sitenote_category":0},"product_brand":[],"product_cat":[165,164],"product_tag":[],"class_list":{"0":"post-18357","1":"product","2":"type-product","3":"status-publish","4":"has-post-thumbnail","6":"product_cat-architecture-plakat-kolekcjonerski","7":"product_cat-plakat-kolekcjonerski","9":"first","10":"instock","11":"taxable","12":"shipping-taxable","13":"purchasable","14":"product-type-simple"},"_links":{"self":[{"href":"https:\/\/damianhornet.com\/en\/wp-json\/wp\/v2\/product\/18357","targetHints":{"allow":["GET"]}}],"collection":[{"href":"https:\/\/damianhornet.com\/en\/wp-json\/wp\/v2\/product"}],"about":[{"href":"https:\/\/damianhornet.com\/en\/wp-json\/wp\/v2\/types\/product"}],"replies":[{"embeddable":true,"href":"https:\/\/damianhornet.com\/en\/wp-json\/wp\/v2\/comments?post=18357"}],"wp:featuredmedia":[{"embeddable":true,"href":"https:\/\/damianhornet.com\/en\/wp-json\/wp\/v2\/media\/18510"}],"wp:attachment":[{"href":"https:\/\/damianhornet.com\/en\/wp-json\/wp\/v2\/media?parent=18357"}],"wp:term":[{"taxonomy":"product_brand","embeddable":true,"href":"https:\/\/damianhornet.com\/en\/wp-json\/wp\/v2\/product_brand?post=18357"},{"taxonomy":"product_cat","embeddable":true,"href":"https:\/\/damianhornet.com\/en\/wp-json\/wp\/v2\/product_cat?post=18357"},{"taxonomy":"product_tag","embeddable":true,"href":"https:\/\/damianhornet.com\/en\/wp-json\/wp\/v2\/product_tag?post=18357"}],"curies":[{"name":"wp","href":"https:\/\/api.w.org\/{rel}","templated":true}]}}