{"id":18362,"date":"2021-06-01T16:37:24","date_gmt":"2021-06-01T14:37:24","guid":{"rendered":"https:\/\/damianhornet.com\/?post_type=product&#038;p=18362"},"modified":"2023-08-21T07:56:40","modified_gmt":"2023-08-21T05:56:40","slug":"earthquake_04-plakat-50x70-cm","status":"publish","type":"product","link":"https:\/\/damianhornet.com\/en\/produkt\/earthquake_04-plakat-50x70-cm\/","title":{"rendered":"EARTHQUAKE_04 &#8211; plakat 50&#215;70 cm"},"content":{"rendered":"<p>Dla kogo jest ta fotografia? Zdecydowanie polecam j\u0105 osobie ciekawej \u015bwiata. Jednak nie tego znanego z kolorowych folder\u00f3w, ale tego kt\u00f3ry pojawia si\u0119 czasem w sennych wizjach.<\/p>\n<p>Czwarta fotografia z cyklu EARTHQUAKE, kt\u00f3ry jest pr\u00f3b\u0105 zrozumienia emocji, jakie b\u0119d\u0105 towarzyszy\u0142y ludziom w pierwszym dniu ko\u0144ca \u015bwiata.<\/p>\n<p>Fotografia ta dost\u0119pna jest w formie plakatu kolekcjonerskiego w limitowanej ilo\u015bci 100 szt. Ka\u017cda sztuka sygnowana jest moim podpisem oraz numerem w serii. Wy\u015bl\u0119 j\u0105 do Ciebie kurierem lub do paczkomatu w wytrzyma\u0142ej, eleganckiej tubie. Oferowany format to 50&#215;70 cm. W przypadku ch\u0119ci zam\u00f3wienia mniejszego, kieruj si\u0119 proporcjami 5:7 (np. 20 x 28 cm, 25 x 35 cm, 30 x 42 cm itd.). Preferowany rozmiar wpisz prosz\u0119 w uwagach do zam\u00f3wienia.<\/p>\n<p>Czas realizacji zam\u00f3wienia: 10 dni roboczych.<\/p>\n","protected":false},"excerpt":{"rendered":"<p>Dla kogo jest ta fotografia? Zdecydowanie polecam j\u0105 osobie ciekawej \u015bwiata. Jednak nie tego znanego z kolorowych folder\u00f3w, ale tego kt\u00f3ry pojawia si\u0119 czasem w sennych wizjach.<\/p>\n<p>Czwarta fotografia z cyklu EARTHQUAKE, kt\u00f3ry jest pr\u00f3b\u0105 zrozumienia emocji, jakie b\u0119d\u0105 towarzyszy\u0142y ludziom w pierwszym dniu ko\u0144ca \u015bwiata.<\/p>\n<p>Fotografia ta dost\u0119pna jest w formie plakatu kolekcjonerskiego w limitowanej ilo\u015bci 100 szt. Ka\u017cda sztuka sygnowana jest moim podpisem oraz numerem w serii.<\/p>\n","protected":false},"featured_media":18549,"comment_status":"closed","ping_status":"closed","template":"","meta":{"_exactmetrics_skip_tracking":false,"_exactmetrics_sitenote_active":false,"_exactmetrics_sitenote_note":"","_exactmetrics_sitenote_category":0},"product_brand":[],"product_cat":[167,164],"product_tag":[],"class_list":{"0":"post-18362","1":"product","2":"type-product","3":"status-publish","4":"has-post-thumbnail","6":"product_cat-earthquake-plakat-kolekcjonerski","7":"product_cat-plakat-kolekcjonerski","9":"first","10":"instock","11":"taxable","12":"shipping-taxable","13":"purchasable","14":"product-type-simple"},"_links":{"self":[{"href":"https:\/\/damianhornet.com\/en\/wp-json\/wp\/v2\/product\/18362","targetHints":{"allow":["GET"]}}],"collection":[{"href":"https:\/\/damianhornet.com\/en\/wp-json\/wp\/v2\/product"}],"about":[{"href":"https:\/\/damianhornet.com\/en\/wp-json\/wp\/v2\/types\/product"}],"replies":[{"embeddable":true,"href":"https:\/\/damianhornet.com\/en\/wp-json\/wp\/v2\/comments?post=18362"}],"wp:featuredmedia":[{"embeddable":true,"href":"https:\/\/damianhornet.com\/en\/wp-json\/wp\/v2\/media\/18549"}],"wp:attachment":[{"href":"https:\/\/damianhornet.com\/en\/wp-json\/wp\/v2\/media?parent=18362"}],"wp:term":[{"taxonomy":"product_brand","embeddable":true,"href":"https:\/\/damianhornet.com\/en\/wp-json\/wp\/v2\/product_brand?post=18362"},{"taxonomy":"product_cat","embeddable":true,"href":"https:\/\/damianhornet.com\/en\/wp-json\/wp\/v2\/product_cat?post=18362"},{"taxonomy":"product_tag","embeddable":true,"href":"https:\/\/damianhornet.com\/en\/wp-json\/wp\/v2\/product_tag?post=18362"}],"curies":[{"name":"wp","href":"https:\/\/api.w.org\/{rel}","templated":true}]}}