{"id":18392,"date":"2021-06-01T18:00:19","date_gmt":"2021-06-01T16:00:19","guid":{"rendered":"https:\/\/damianhornet.com\/?post_type=product&#038;p=18392"},"modified":"2023-08-21T07:56:38","modified_gmt":"2023-08-21T05:56:38","slug":"minimal_20-plakat-50x70-cm","status":"publish","type":"product","link":"https:\/\/damianhornet.com\/en\/produkt\/minimal_20-plakat-50x70-cm\/","title":{"rendered":"MINIMAL_20 &#8211; plakat 50&#215;70 cm"},"content":{"rendered":"<p>Dla kogo jest ta fotografia? Jest ona idealna dla osoby, kt\u00f3ra lubi wraca\u0107 my\u015blami do czas\u00f3w, gdy granica mi\u0119dzy noc\u0105, a dniem zaciera\u0142a si\u0119 niejednokrotnie. S\u0142owem dla ka\u017cdego, kto umia\u0142 si\u0119 bawi\u0107.<\/p>\n<p>Minimal to seria oszcz\u0119dnych w formie kadr\u00f3w, dzi\u0119ki kt\u00f3rym mo\u017cesz przenie\u015b\u0107 si\u0119 w inny wymiar.<\/p>\n<p>Fotografia ta dost\u0119pna jest w formie plakatu kolekcjonerskiego w limitowanej ilo\u015bci 100 szt. Ka\u017cda sztuka sygnowana jest moim podpisem oraz numerem w serii. Wy\u015bl\u0119 j\u0105 do Ciebie kurierem lub do paczkomatu w wytrzyma\u0142ej, eleganckiej tubie. Oferowany format to 50&#215;70 cm. W przypadku ch\u0119ci zam\u00f3wienia mniejszego, kieruj si\u0119 proporcjami 5:7 (np. 20 x 28 cm, 25 x 35 cm, 30 x 42 cm itd.). Preferowany rozmiar wpisz prosz\u0119 w uwagach do zam\u00f3wienia.<\/p>\n<p>Czas realizacji zam\u00f3wienia: 10 dni roboczych.<\/p>\n","protected":false},"excerpt":{"rendered":"<p><strong>Dla kogo jest ta fotografia? Jest ona idealna dla osoby, kt\u00f3ra lubi wraca\u0107 my\u015blami do czas\u00f3w, gdy granica mi\u0119dzy noc\u0105, a dniem zaciera\u0142a si\u0119 niejednokrotnie. S\u0142owem dla ka\u017cdego, kto umia\u0142 si\u0119 bawi\u0107.<\/strong><\/p>\n<p>Minimal to seria oszcz\u0119dnych w formie kadr\u00f3w, dzi\u0119ki kt\u00f3rym mo\u017cesz przenie\u015b\u0107 si\u0119 w inny wymiar.<\/p>\n<p>Fotografia ta dost\u0119pna jest w formie plakatu kolekcjonerskiego w limitowanej ilo\u015bci 100 szt. Ka\u017cda sztuka sygnowana jest moim podpisem oraz numerem w serii.<\/p>\n","protected":false},"featured_media":18578,"comment_status":"closed","ping_status":"closed","template":"","meta":{"_exactmetrics_skip_tracking":false,"_exactmetrics_sitenote_active":false,"_exactmetrics_sitenote_note":"","_exactmetrics_sitenote_category":0},"product_brand":[],"product_cat":[168,164],"product_tag":[],"class_list":{"0":"post-18392","1":"product","2":"type-product","3":"status-publish","4":"has-post-thumbnail","6":"product_cat-minimal-plakat-kolekcjonerski","7":"product_cat-plakat-kolekcjonerski","9":"first","10":"instock","11":"taxable","12":"shipping-taxable","13":"purchasable","14":"product-type-simple"},"_links":{"self":[{"href":"https:\/\/damianhornet.com\/en\/wp-json\/wp\/v2\/product\/18392","targetHints":{"allow":["GET"]}}],"collection":[{"href":"https:\/\/damianhornet.com\/en\/wp-json\/wp\/v2\/product"}],"about":[{"href":"https:\/\/damianhornet.com\/en\/wp-json\/wp\/v2\/types\/product"}],"replies":[{"embeddable":true,"href":"https:\/\/damianhornet.com\/en\/wp-json\/wp\/v2\/comments?post=18392"}],"wp:featuredmedia":[{"embeddable":true,"href":"https:\/\/damianhornet.com\/en\/wp-json\/wp\/v2\/media\/18578"}],"wp:attachment":[{"href":"https:\/\/damianhornet.com\/en\/wp-json\/wp\/v2\/media?parent=18392"}],"wp:term":[{"taxonomy":"product_brand","embeddable":true,"href":"https:\/\/damianhornet.com\/en\/wp-json\/wp\/v2\/product_brand?post=18392"},{"taxonomy":"product_cat","embeddable":true,"href":"https:\/\/damianhornet.com\/en\/wp-json\/wp\/v2\/product_cat?post=18392"},{"taxonomy":"product_tag","embeddable":true,"href":"https:\/\/damianhornet.com\/en\/wp-json\/wp\/v2\/product_tag?post=18392"}],"curies":[{"name":"wp","href":"https:\/\/api.w.org\/{rel}","templated":true}]}}