{"id":18410,"date":"2021-06-02T13:50:29","date_gmt":"2021-06-02T11:50:29","guid":{"rendered":"https:\/\/damianhornet.com\/?post_type=product&#038;p=18410"},"modified":"2023-08-21T07:56:37","modified_gmt":"2023-08-21T05:56:37","slug":"street_11-plakat-50x70-cm","status":"publish","type":"product","link":"https:\/\/damianhornet.com\/en\/produkt\/street_11-plakat-50x70-cm\/","title":{"rendered":"STREET_11 &#8211; plakat 50&#215;70 cm"},"content":{"rendered":"<p>Wykonuj\u0105c t\u0119 fotografi\u0119 nie mia\u0142em jeszcze bladego poj\u0119cia o tym, \u017ce niebawem losy rzuc\u0105 mnie do Warszawy na nieco d\u0142u\u017cej. Wtedy by\u0142em na go\u015bcinnych wyst\u0119pach. Wszystko by\u0142o nowe, nieodkryte. Poza kilkoma miejscami, kt\u00f3re pozna\u0142em podczas wcze\u015bniejszych wizyt i t\u0105 uliczk\u0105, kt\u00f3r\u0105 widzisz na zdj\u0119ciu. Spodoba\u0142a mi si\u0119 wcze\u015bniej i postanowi\u0142em, \u017ce do niej wr\u00f3c\u0119. To by\u0142 udany powr\u00f3t.<\/p>\n<p>Seria STREET jest fotograficznym zapisem moich wypad\u00f3w na miasto. Praga, Berlin, Valetta, Rzym, Zadar, Pozna\u0144, Warszawa, Gda\u0144sk, Bibione, Londyn, Dublin, Bray to tylko cz\u0119\u015b\u0107 z tych w kt\u00f3rych znalaz\u0142em co\u015b ciekawego. Jak\u0105\u015b histori\u0119, jaki\u015b epizod, \u015blad cz\u0142owieka wart pokazania. Ka\u017cde z tych zdj\u0119\u0107 jest bardzo osobistym zapisem tego co widzia\u0142em, czu\u0142em i prze\u017cy\u0142em b\u0119d\u0105c tam i wtedy.<\/p>\n<p>Fotografia ta dost\u0119pna jest w formie plakatu kolekcjonerskiego w limitowanej ilo\u015bci 100 szt. Ka\u017cda sztuka sygnowana jest moim podpisem oraz numerem w serii. Wy\u015bl\u0119 j\u0105 do Ciebie kurierem lub do paczkomatu w wytrzyma\u0142ej, eleganckiej tubie. Oferowany format to 50&#215;70 cm. W przypadku ch\u0119ci zam\u00f3wienia mniejszego, kieruj si\u0119 proporcjami 5:7 (np. 20 x 28 cm, 25 x 35 cm, 30 x 42 cm itd.). Preferowany rozmiar wpisz prosz\u0119 w uwagach do zam\u00f3wienia.<\/p>\n<p>Czas realizacji zam\u00f3wienia: 10 dni roboczych.<\/p>\n","protected":false},"excerpt":{"rendered":"<p>Wykonuj\u0105c t\u0119 fotografi\u0119 nie mia\u0142em jeszcze bladego poj\u0119cia o tym, \u017ce niebawem losy rzuc\u0105 mnie do Warszawy na nieco d\u0142u\u017cej. Wtedy by\u0142em na go\u015bcinnych wyst\u0119pach. Wszystko by\u0142o nowe, nieodkryte. Poza kilkoma miejscami, kt\u00f3re pozna\u0142em podczas wcze\u015bniejszych wizyt i t\u0105 uliczk\u0105, kt\u00f3r\u0105 widzisz na zdj\u0119ciu. Spodoba\u0142a mi si\u0119 wcze\u015bniej i postanowi\u0142em, \u017ce do niej wr\u00f3c\u0119. To by\u0142 udany powr\u00f3t.<\/p>\n<p>Seria STREET jest fotograficznym zapisem moich wypad\u00f3w na miasto. Praga, Berlin, Valetta, Rzym, Zadar, Pozna\u0144, Warszawa, Gda\u0144sk, Bibione, Londyn, Dublin, Bray to tylko cz\u0119\u015b\u0107 z tych w kt\u00f3rych znalaz\u0142em co\u015b ciekawego. Jak\u0105\u015b histori\u0119, jaki\u015b epizod, \u015blad cz\u0142owieka wart pokazania. Ka\u017cde z tych zdj\u0119\u0107 jest bardzo osobistym zapisem tego co widzia\u0142em, czu\u0142em i prze\u017cy\u0142em b\u0119d\u0105c tam i wtedy.<\/p>\n<p>Fotografia ta dost\u0119pna jest w formie plakatu kolekcjonerskiego w limitowanej ilo\u015bci 100 szt. Ka\u017cda sztuka sygnowana jest moim podpisem oraz numerem w serii.<\/p>\n","protected":false},"featured_media":18522,"comment_status":"closed","ping_status":"closed","template":"","meta":{"_exactmetrics_skip_tracking":false,"_exactmetrics_sitenote_active":false,"_exactmetrics_sitenote_note":"","_exactmetrics_sitenote_category":0},"product_brand":[],"product_cat":[164,166],"product_tag":[],"class_list":{"0":"post-18410","1":"product","2":"type-product","3":"status-publish","4":"has-post-thumbnail","6":"product_cat-plakat-kolekcjonerski","7":"product_cat-street-plakat-kolekcjonerski","9":"first","10":"instock","11":"taxable","12":"shipping-taxable","13":"purchasable","14":"product-type-simple"},"_links":{"self":[{"href":"https:\/\/damianhornet.com\/en\/wp-json\/wp\/v2\/product\/18410","targetHints":{"allow":["GET"]}}],"collection":[{"href":"https:\/\/damianhornet.com\/en\/wp-json\/wp\/v2\/product"}],"about":[{"href":"https:\/\/damianhornet.com\/en\/wp-json\/wp\/v2\/types\/product"}],"replies":[{"embeddable":true,"href":"https:\/\/damianhornet.com\/en\/wp-json\/wp\/v2\/comments?post=18410"}],"wp:featuredmedia":[{"embeddable":true,"href":"https:\/\/damianhornet.com\/en\/wp-json\/wp\/v2\/media\/18522"}],"wp:attachment":[{"href":"https:\/\/damianhornet.com\/en\/wp-json\/wp\/v2\/media?parent=18410"}],"wp:term":[{"taxonomy":"product_brand","embeddable":true,"href":"https:\/\/damianhornet.com\/en\/wp-json\/wp\/v2\/product_brand?post=18410"},{"taxonomy":"product_cat","embeddable":true,"href":"https:\/\/damianhornet.com\/en\/wp-json\/wp\/v2\/product_cat?post=18410"},{"taxonomy":"product_tag","embeddable":true,"href":"https:\/\/damianhornet.com\/en\/wp-json\/wp\/v2\/product_tag?post=18410"}],"curies":[{"name":"wp","href":"https:\/\/api.w.org\/{rel}","templated":true}]}}