{"id":18412,"date":"2021-06-02T13:57:26","date_gmt":"2021-06-02T11:57:26","guid":{"rendered":"https:\/\/damianhornet.com\/?post_type=product&#038;p=18412"},"modified":"2023-08-21T07:56:37","modified_gmt":"2023-08-21T05:56:37","slug":"street_13-plakat-50x70-cm","status":"publish","type":"product","link":"https:\/\/damianhornet.com\/en\/produkt\/street_13-plakat-50x70-cm\/","title":{"rendered":"STREET_13 &#8211; plakat 50&#215;70 cm"},"content":{"rendered":"<p>Czy jest tu kto\u015b kto pokocha\u0142 Irlandi\u0119 tak jak i ja j\u0105 pokocha\u0142em. To pi\u0119kne miejsce. Jedno z pi\u0119kniejszych w jakim by\u0142o mi dane przebywa\u0107. Odwiedzi\u0142em j\u0105 dwa razy, jednak to podczas pierwszej wizyty zrobi\u0142em zdecydowanie najwi\u0119cej zdj\u0119\u0107. Jedno z nich (to kt\u00f3re widzisz) \u0142\u0105czy si\u0119 z ciekawym zjawiskiem. Co roku wzg\u00f3rze po\u0142o\u017cone niedaleko g\u0142\u00f3wnej pla\u017cy miejscowo\u015bci Bray, staje w p\u0142omieniach. Nie z powodu czynnego wulkanu, co mog\u0142oby sugerowa\u0107 ta fotografia, a za spraw\u0105 p\u0142on\u0105cych traw i krzew\u00f3w. Co ciekawe na owym kadrze pr\u00f3cz tego widowiskowego po\u017caru, pojawi\u0142 si\u0119 tak\u017ce dom piosenkarki Sin\u00e9ad O\u2019Connor. Kt\u00f3ry to? Ch\u0119tnie Tobie opowiem, je\u015bli wejdziesz w posiadanie tej wyj\u0105tkowej fotografii.<\/p>\n<p>Seria STREET jest fotograficznym zapisem moich wypad\u00f3w na miasto. Praga, Berlin, Valetta, Rzym, Zadar, Pozna\u0144, Warszawa, Gda\u0144sk, Bibione, Londyn, Dublin, Bray to tylko cz\u0119\u015b\u0107 z tych w kt\u00f3rych znalaz\u0142em co\u015b ciekawego. Jak\u0105\u015b histori\u0119, jaki\u015b epizod, \u015blad cz\u0142owieka wart pokazania. Ka\u017cde z tych zdj\u0119\u0107 jest bardzo osobistym zapisem tego co widzia\u0142em, czu\u0142em i prze\u017cy\u0142em b\u0119d\u0105c tam i wtedy.<\/p>\n<p>Fotografia ta dost\u0119pna jest w formie plakatu kolekcjonerskiego w limitowanej ilo\u015bci 100 szt. Ka\u017cda sztuka sygnowana jest moim podpisem oraz numerem w serii. Wy\u015bl\u0119 j\u0105 do Ciebie kurierem lub do paczkomatu w wytrzyma\u0142ej, eleganckiej tubie. Oferowany format to 50&#215;70 cm. W przypadku ch\u0119ci zam\u00f3wienia mniejszego, kieruj si\u0119 proporcjami 5:7 (np. 20 x 28 cm, 25 x 35 cm, 30 x 42 cm itd.). Preferowany rozmiar wpisz prosz\u0119 w uwagach do zam\u00f3wienia.<\/p>\n<p>Czas realizacji zam\u00f3wienia: 10 dni roboczych.<\/p>\n","protected":false},"excerpt":{"rendered":"<p>Czy jest tu kto\u015b kto pokocha\u0142 Irlandi\u0119 tak jak i ja j\u0105 pokocha\u0142em. To pi\u0119kne miejsce. Jedno z pi\u0119kniejszych w jakim by\u0142o mi dane przebywa\u0107. Odwiedzi\u0142em j\u0105 dwa razy, jednak to podczas pierwszej wizyty zrobi\u0142em zdecydowanie najwi\u0119cej zdj\u0119\u0107. Jedno z nich (to kt\u00f3re widzisz) \u0142\u0105czy si\u0119 z ciekawym zjawiskiem. Co roku wzg\u00f3rze po\u0142o\u017cone niedaleko g\u0142\u00f3wnej pla\u017cy miejscowo\u015bci Bray, staje w p\u0142omieniach. Nie z powodu czynnego wulkanu, co mog\u0142oby sugerowa\u0107 ta fotografia, a za spraw\u0105 p\u0142on\u0105cych traw i krzew\u00f3w. Co ciekawe na owym kadrze pr\u00f3cz tego widowiskowego po\u017caru, pojawi\u0142 si\u0119 tak\u017ce dom piosenkarki Sin\u00e9ad O\u2019Connor. Kt\u00f3ry to? Ch\u0119tnie Tobie opowiem, je\u015bli wejdziesz w posiadanie tej wyj\u0105tkowej fotografii.<\/p>\n<p>Seria STREET jest fotograficznym zapisem moich wypad\u00f3w na miasto. Praga, Berlin, Valetta, Rzym, Zadar, Pozna\u0144, Warszawa, Gda\u0144sk, Bibione, Londyn, Dublin, Bray to tylko cz\u0119\u015b\u0107 z tych w kt\u00f3rych znalaz\u0142em co\u015b ciekawego. Jak\u0105\u015b histori\u0119, jaki\u015b epizod, \u015blad cz\u0142owieka wart pokazania. Ka\u017cde z tych zdj\u0119\u0107 jest bardzo osobistym zapisem tego co widzia\u0142em, czu\u0142em i prze\u017cy\u0142em b\u0119d\u0105c tam i wtedy.<\/p>\n<p>Fotografia ta dost\u0119pna jest w formie plakatu kolekcjonerskiego w limitowanej ilo\u015bci 100 szt. Ka\u017cda sztuka sygnowana jest moim podpisem oraz numerem w serii.<\/p>\n","protected":false},"featured_media":18524,"comment_status":"closed","ping_status":"closed","template":"","meta":{"_exactmetrics_skip_tracking":false,"_exactmetrics_sitenote_active":false,"_exactmetrics_sitenote_note":"","_exactmetrics_sitenote_category":0},"product_brand":[],"product_cat":[164,166],"product_tag":[],"class_list":{"0":"post-18412","1":"product","2":"type-product","3":"status-publish","4":"has-post-thumbnail","6":"product_cat-plakat-kolekcjonerski","7":"product_cat-street-plakat-kolekcjonerski","9":"first","10":"instock","11":"taxable","12":"shipping-taxable","13":"purchasable","14":"product-type-simple"},"_links":{"self":[{"href":"https:\/\/damianhornet.com\/en\/wp-json\/wp\/v2\/product\/18412","targetHints":{"allow":["GET"]}}],"collection":[{"href":"https:\/\/damianhornet.com\/en\/wp-json\/wp\/v2\/product"}],"about":[{"href":"https:\/\/damianhornet.com\/en\/wp-json\/wp\/v2\/types\/product"}],"replies":[{"embeddable":true,"href":"https:\/\/damianhornet.com\/en\/wp-json\/wp\/v2\/comments?post=18412"}],"wp:featuredmedia":[{"embeddable":true,"href":"https:\/\/damianhornet.com\/en\/wp-json\/wp\/v2\/media\/18524"}],"wp:attachment":[{"href":"https:\/\/damianhornet.com\/en\/wp-json\/wp\/v2\/media?parent=18412"}],"wp:term":[{"taxonomy":"product_brand","embeddable":true,"href":"https:\/\/damianhornet.com\/en\/wp-json\/wp\/v2\/product_brand?post=18412"},{"taxonomy":"product_cat","embeddable":true,"href":"https:\/\/damianhornet.com\/en\/wp-json\/wp\/v2\/product_cat?post=18412"},{"taxonomy":"product_tag","embeddable":true,"href":"https:\/\/damianhornet.com\/en\/wp-json\/wp\/v2\/product_tag?post=18412"}],"curies":[{"name":"wp","href":"https:\/\/api.w.org\/{rel}","templated":true}]}}