{"id":18424,"date":"2021-06-02T14:18:41","date_gmt":"2021-06-02T12:18:41","guid":{"rendered":"https:\/\/damianhornet.com\/?post_type=product&#038;p=18424"},"modified":"2023-08-21T07:56:36","modified_gmt":"2023-08-21T05:56:36","slug":"street_24-plakat-50x70-cm","status":"publish","type":"product","link":"https:\/\/damianhornet.com\/en\/produkt\/street_24-plakat-50x70-cm\/","title":{"rendered":"STREET_24 &#8211; plakat 50&#215;70 cm"},"content":{"rendered":"<p>Czy mia\u0142a\u015b\/mia\u0142e\u015b kiedy\u015b tak, \u017ce czu\u0142a\u015b\/czu\u0142e\u015b, \u017ce musisz co\u015b zrobi\u0107, cho\u0107 masz wewn\u0119trzne opory i zwyczajnie parali\u017cuje Ci\u0119 strach. Ja tak mia\u0142em na chwil\u0119 przed wykonaniem tej fotografii. Gdy zauwa\u017cy\u0142em t\u0119 scen\u0119, przechadzaj\u0105c si\u0119 ulicami Dublina, poczu\u0142em \u017ce ten kadr b\u0119dzie wart wi\u0119cej ni\u017c miliony s\u0142\u00f3w i jest w nim si\u0142a. Jednak na wtedy, nie by\u0142em pewien, czy nie przekraczam jakiej\u015b niewidzialnej granicy mi\u0119dzy tym co si\u0119 powinno, a czego ju\u017c nie fotografowa\u0107.<\/p>\n<p>Seria STREET jest fotograficznym zapisem moich wypad\u00f3w na miasto. Praga, Berlin, Valetta, Rzym, Zadar, Pozna\u0144, Warszawa, Gda\u0144sk, Bibione, Londyn, Dublin, Bray to tylko cz\u0119\u015b\u0107 z tych w kt\u00f3rych znalaz\u0142em co\u015b ciekawego. Jak\u0105\u015b histori\u0119, jaki\u015b epizod, \u015blad cz\u0142owieka wart pokazania. Ka\u017cde z tych zdj\u0119\u0107 jest bardzo osobistym zapisem tego co widzia\u0142em, czu\u0142em i prze\u017cy\u0142em b\u0119d\u0105c tam i wtedy.<\/p>\n<p>Fotografia ta dost\u0119pna jest w formie plakatu kolekcjonerskiego w limitowanej ilo\u015bci 100 szt. Ka\u017cda sztuka sygnowana jest moim podpisem oraz numerem w serii. Wy\u015bl\u0119 j\u0105 do Ciebie kurierem lub do paczkomatu w wytrzyma\u0142ej, eleganckiej tubie. Oferowany format to 50&#215;70 cm. W przypadku ch\u0119ci zam\u00f3wienia mniejszego, kieruj si\u0119 proporcjami 5:7 (np. 20 x 28 cm, 25 x 35 cm, 30 x 42 cm itd.). Preferowany rozmiar wpisz prosz\u0119 w uwagach do zam\u00f3wienia.<\/p>\n<p>Czas realizacji zam\u00f3wienia: 10 dni roboczych.<\/p>\n","protected":false},"excerpt":{"rendered":"<p>Czy mia\u0142a\u015b\/mia\u0142e\u015b kiedy\u015b tak, \u017ce czu\u0142a\u015b\/czu\u0142e\u015b, \u017ce musisz co\u015b zrobi\u0107, cho\u0107 masz wewn\u0119trzne opory i zwyczajnie parali\u017cuje Ci\u0119 strach. Ja tak mia\u0142em na chwil\u0119 przed wykonaniem tej fotografii. Gdy zauwa\u017cy\u0142em t\u0119 scen\u0119, przechadzaj\u0105c si\u0119 ulicami Dublina, poczu\u0142em \u017ce ten kadr b\u0119dzie wart wi\u0119cej ni\u017c miliony s\u0142\u00f3w i jest w nim si\u0142a. Jednak na wtedy, nie by\u0142em pewien, czy nie przekraczam jakiej\u015b niewidzialnej granicy mi\u0119dzy tym co si\u0119 powinno, a czego ju\u017c nie fotografowa\u0107.<\/p>\n<p>Seria STREET jest fotograficznym zapisem moich wypad\u00f3w na miasto. Praga, Berlin, Valetta, Rzym, Zadar, Pozna\u0144, Warszawa, Gda\u0144sk, Bibione, Londyn, Dublin, Bray to tylko cz\u0119\u015b\u0107 z tych w kt\u00f3rych znalaz\u0142em co\u015b ciekawego. Jak\u0105\u015b histori\u0119, jaki\u015b epizod, \u015blad cz\u0142owieka wart pokazania. Ka\u017cde z tych zdj\u0119\u0107 jest bardzo osobistym zapisem tego co widzia\u0142em, czu\u0142em i prze\u017cy\u0142em b\u0119d\u0105c tam i wtedy.<\/p>\n<p>Fotografia ta dost\u0119pna jest w formie plakatu kolekcjonerskiego w limitowanej ilo\u015bci 100 szt. Ka\u017cda sztuka sygnowana jest moim podpisem oraz numerem w serii.<\/p>\n","protected":false},"featured_media":18535,"comment_status":"closed","ping_status":"closed","template":"","meta":{"_exactmetrics_skip_tracking":false,"_exactmetrics_sitenote_active":false,"_exactmetrics_sitenote_note":"","_exactmetrics_sitenote_category":0},"product_brand":[],"product_cat":[164,166],"product_tag":[],"class_list":{"0":"post-18424","1":"product","2":"type-product","3":"status-publish","4":"has-post-thumbnail","6":"product_cat-plakat-kolekcjonerski","7":"product_cat-street-plakat-kolekcjonerski","9":"first","10":"instock","11":"taxable","12":"shipping-taxable","13":"purchasable","14":"product-type-simple"},"_links":{"self":[{"href":"https:\/\/damianhornet.com\/en\/wp-json\/wp\/v2\/product\/18424","targetHints":{"allow":["GET"]}}],"collection":[{"href":"https:\/\/damianhornet.com\/en\/wp-json\/wp\/v2\/product"}],"about":[{"href":"https:\/\/damianhornet.com\/en\/wp-json\/wp\/v2\/types\/product"}],"replies":[{"embeddable":true,"href":"https:\/\/damianhornet.com\/en\/wp-json\/wp\/v2\/comments?post=18424"}],"wp:featuredmedia":[{"embeddable":true,"href":"https:\/\/damianhornet.com\/en\/wp-json\/wp\/v2\/media\/18535"}],"wp:attachment":[{"href":"https:\/\/damianhornet.com\/en\/wp-json\/wp\/v2\/media?parent=18424"}],"wp:term":[{"taxonomy":"product_brand","embeddable":true,"href":"https:\/\/damianhornet.com\/en\/wp-json\/wp\/v2\/product_brand?post=18424"},{"taxonomy":"product_cat","embeddable":true,"href":"https:\/\/damianhornet.com\/en\/wp-json\/wp\/v2\/product_cat?post=18424"},{"taxonomy":"product_tag","embeddable":true,"href":"https:\/\/damianhornet.com\/en\/wp-json\/wp\/v2\/product_tag?post=18424"}],"curies":[{"name":"wp","href":"https:\/\/api.w.org\/{rel}","templated":true}]}}