{"id":18426,"date":"2021-06-02T14:21:59","date_gmt":"2021-06-02T12:21:59","guid":{"rendered":"https:\/\/damianhornet.com\/?post_type=product&#038;p=18426"},"modified":"2023-08-21T07:56:36","modified_gmt":"2023-08-21T05:56:36","slug":"street_26-plakat-50x70-cm","status":"publish","type":"product","link":"https:\/\/damianhornet.com\/en\/produkt\/street_26-plakat-50x70-cm\/","title":{"rendered":"STREET_26 &#8211; plakat 50&#215;70 cm"},"content":{"rendered":"<p>Jednym z najciekawszych aspekt\u00f3w fotografii ulicznej jest to, \u017ce nigdy nie wiesz co Ci si\u0119 trafi. Jaka historia uka\u017ce si\u0119 Twoim oczom za rogiem. Helikopter startuj\u0105cy w centrum miasta, to zdecydowanie niezbyt cz\u0119sty widok. Ja osobi\u015bcie trafi\u0142em na co\u015b takiego tylko dwa razy w \u017cyciu. Raz w Berlinie (tam niestety nie zd\u0105\u017cy\u0142em dotrze\u0107 na tyle blisko, by wykona\u0107 sensown\u0105 fotografi\u0119), a drugi w Padwie. Moc jak\u0105 czu\u0107 od takiej maszyny podrywaj\u0105cej si\u0119 ziemi jest trudna do opisania. To trzeba prze\u017cy\u0107.<\/p>\n<p>Seria STREET jest fotograficznym zapisem moich wypad\u00f3w na miasto. Praga, Berlin, Valetta, Rzym, Zadar, Pozna\u0144, Warszawa, Gda\u0144sk, Bibione, Londyn, Dublin, Bray to tylko cz\u0119\u015b\u0107 z tych w kt\u00f3rych znalaz\u0142em co\u015b ciekawego. Jak\u0105\u015b histori\u0119, jaki\u015b epizod, \u015blad cz\u0142owieka wart pokazania. Ka\u017cde z tych zdj\u0119\u0107 jest bardzo osobistym zapisem tego co widzia\u0142em, czu\u0142em i prze\u017cy\u0142em b\u0119d\u0105c tam i wtedy.<\/p>\n<p>Fotografia ta dost\u0119pna jest w formie plakatu kolekcjonerskiego w limitowanej ilo\u015bci 100 szt. Ka\u017cda sztuka sygnowana jest moim podpisem oraz numerem w serii. Wy\u015bl\u0119 j\u0105 do Ciebie kurierem lub do paczkomatu w wytrzyma\u0142ej, eleganckiej tubie. Oferowany format to 50&#215;70 cm. W przypadku ch\u0119ci zam\u00f3wienia mniejszego, kieruj si\u0119 proporcjami 5:7 (np. 20 x 28 cm, 25 x 35 cm, 30 x 42 cm itd.). Preferowany rozmiar wpisz prosz\u0119 w uwagach do zam\u00f3wienia.<\/p>\n<p>Czas realizacji zam\u00f3wienia: 10 dni roboczych.<\/p>\n","protected":false},"excerpt":{"rendered":"<p>Jednym z najciekawszych aspekt\u00f3w fotografii ulicznej jest to, \u017ce nigdy nie wiesz co Ci si\u0119 trafi. Jaka historia uka\u017ce si\u0119 Twoim oczom za rogiem. Helikopter startuj\u0105cy w centrum miasta, to zdecydowanie niezbyt cz\u0119sty widok. Ja osobi\u015bcie trafi\u0142em na co\u015b takiego tylko dwa razy w \u017cyciu. Raz w Berlinie (tam niestety nie zd\u0105\u017cy\u0142em dotrze\u0107 na tyle blisko, by wykona\u0107 sensown\u0105 fotografi\u0119), a drugi w Padwie. Moc jak\u0105 czu\u0107 od takiej maszyny podrywaj\u0105cej si\u0119 ziemi jest trudna do opisania. To trzeba prze\u017cy\u0107.<\/p>\n<p>Seria STREET jest fotograficznym zapisem moich wypad\u00f3w na miasto. Praga, Berlin, Valetta, Rzym, Zadar, Pozna\u0144, Warszawa, Gda\u0144sk, Bibione, Londyn, Dublin, Bray to tylko cz\u0119\u015b\u0107 z tych w kt\u00f3rych znalaz\u0142em co\u015b ciekawego. Jak\u0105\u015b histori\u0119, jaki\u015b epizod, \u015blad cz\u0142owieka wart pokazania. Ka\u017cde z tych zdj\u0119\u0107 jest bardzo osobistym zapisem tego co widzia\u0142em, czu\u0142em i prze\u017cy\u0142em b\u0119d\u0105c tam i wtedy.<\/p>\n<p>Fotografia ta dost\u0119pna jest w formie plakatu kolekcjonerskiego w limitowanej ilo\u015bci 100 szt. Ka\u017cda sztuka sygnowana jest moim podpisem oraz numerem w serii.<\/p>\n","protected":false},"featured_media":18537,"comment_status":"closed","ping_status":"closed","template":"","meta":{"_exactmetrics_skip_tracking":false,"_exactmetrics_sitenote_active":false,"_exactmetrics_sitenote_note":"","_exactmetrics_sitenote_category":0},"product_brand":[],"product_cat":[164,166],"product_tag":[],"class_list":{"0":"post-18426","1":"product","2":"type-product","3":"status-publish","4":"has-post-thumbnail","6":"product_cat-plakat-kolekcjonerski","7":"product_cat-street-plakat-kolekcjonerski","9":"first","10":"instock","11":"taxable","12":"shipping-taxable","13":"purchasable","14":"product-type-simple"},"_links":{"self":[{"href":"https:\/\/damianhornet.com\/en\/wp-json\/wp\/v2\/product\/18426","targetHints":{"allow":["GET"]}}],"collection":[{"href":"https:\/\/damianhornet.com\/en\/wp-json\/wp\/v2\/product"}],"about":[{"href":"https:\/\/damianhornet.com\/en\/wp-json\/wp\/v2\/types\/product"}],"replies":[{"embeddable":true,"href":"https:\/\/damianhornet.com\/en\/wp-json\/wp\/v2\/comments?post=18426"}],"wp:featuredmedia":[{"embeddable":true,"href":"https:\/\/damianhornet.com\/en\/wp-json\/wp\/v2\/media\/18537"}],"wp:attachment":[{"href":"https:\/\/damianhornet.com\/en\/wp-json\/wp\/v2\/media?parent=18426"}],"wp:term":[{"taxonomy":"product_brand","embeddable":true,"href":"https:\/\/damianhornet.com\/en\/wp-json\/wp\/v2\/product_brand?post=18426"},{"taxonomy":"product_cat","embeddable":true,"href":"https:\/\/damianhornet.com\/en\/wp-json\/wp\/v2\/product_cat?post=18426"},{"taxonomy":"product_tag","embeddable":true,"href":"https:\/\/damianhornet.com\/en\/wp-json\/wp\/v2\/product_tag?post=18426"}],"curies":[{"name":"wp","href":"https:\/\/api.w.org\/{rel}","templated":true}]}}