{"id":18430,"date":"2021-06-02T14:31:05","date_gmt":"2021-06-02T12:31:05","guid":{"rendered":"https:\/\/damianhornet.com\/?post_type=product&#038;p=18430"},"modified":"2023-08-21T07:56:35","modified_gmt":"2023-08-21T05:56:35","slug":"street_30-plakat-50x70-cm","status":"publish","type":"product","link":"https:\/\/damianhornet.com\/en\/produkt\/street_30-plakat-50x70-cm\/","title":{"rendered":"STREET_30 &#8211; plakat 50&#215;70 cm"},"content":{"rendered":"<p>Gdy by\u0142em po raz pierwszy w Zadarze bardzo go polubi\u0142em. Jest niewielki, ale ma wiele do zaoferowania. Kameralne pla\u017ce (nie wszystkie), urocze uliczki, pi\u0119kne zabytki i wspania\u0142\u0105 kuchni\u0119. Ca\u0142o\u015b\u0107 dope\u0142niaj\u0105 niezwykle sympatyczni ludzie. Podczas moich w\u0119dr\u00f3wek po zakamarkach Zadaru ani przez moment nie poczu\u0142em, \u017ce mo\u017ce mi co\u015b grozi\u0107. Z wielk\u0105 swobod\u0105 porusza\u0142em si\u0119 wi\u0119c w r\u00f3\u017cnych rejonach miasta i odkrywa\u0142em coraz ciekawsze miejsc\u00f3wki. Na ten kr\u00f3tki tunel trafi\u0142em przy wyj\u015bciu z parku, kt\u00f3ry po\u0142o\u017cony jest tu\u017c przy zabytkowym centrum. Jest swego rodzaju \u0142\u0105cznikiem mi\u0119dzy star\u0105, a now\u0105 cz\u0119\u015bci\u0105 miasta. Jego dodatkow\u0105 zalet\u0105 jest cie\u0144, kt\u00f3ry oferuje zupe\u0142nie za darmo w upalne dni. Schroni\u0142em si\u0119 tam na kilka minut, a przy okazji wykona\u0142em t\u0119 fotografi\u0119.<\/p>\n<p>Seria STREET jest fotograficznym zapisem moich wypad\u00f3w na miasto. Praga, Berlin, Valetta, Rzym, Zadar, Pozna\u0144, Warszawa, Gda\u0144sk, Bibione, Londyn, Dublin, Bray to tylko cz\u0119\u015b\u0107 z tych w kt\u00f3rych znalaz\u0142em co\u015b ciekawego. Jak\u0105\u015b histori\u0119, jaki\u015b epizod, \u015blad cz\u0142owieka wart pokazania. Ka\u017cde z tych zdj\u0119\u0107 jest bardzo osobistym zapisem tego co widzia\u0142em, czu\u0142em i prze\u017cy\u0142em b\u0119d\u0105c tam i wtedy.<\/p>\n<p>Fotografia ta dost\u0119pna jest w formie plakatu kolekcjonerskiego w limitowanej ilo\u015bci 100 szt. Ka\u017cda sztuka sygnowana jest moim podpisem oraz numerem w serii. Wy\u015bl\u0119 j\u0105 do Ciebie kurierem lub do paczkomatu w wytrzyma\u0142ej, eleganckiej tubie. Oferowany format to 50&#215;70 cm. W przypadku ch\u0119ci zam\u00f3wienia mniejszego, kieruj si\u0119 proporcjami 5:7 (np. 20 x 28 cm, 25 x 35 cm, 30 x 42 cm itd.). Preferowany rozmiar wpisz prosz\u0119 w uwagach do zam\u00f3wienia.<\/p>\n<p>Czas realizacji zam\u00f3wienia: 10 dni roboczych.<\/p>\n","protected":false},"excerpt":{"rendered":"<p>Gdy by\u0142em po raz pierwszy w Zadarze bardzo go polubi\u0142em. Jest niewielki, ale ma wiele do zaoferowania. Kameralne pla\u017ce (nie wszystkie), urocze uliczki, pi\u0119kne zabytki i wspania\u0142\u0105 kuchni\u0119. Ca\u0142o\u015b\u0107 dope\u0142niaj\u0105 niezwykle sympatyczni ludzie. Podczas moich w\u0119dr\u00f3wek po zakamarkach Zadaru ani przez moment nie poczu\u0142em, \u017ce mo\u017ce mi co\u015b grozi\u0107. Z wielk\u0105 swobod\u0105 porusza\u0142em si\u0119 wi\u0119c w r\u00f3\u017cnych rejonach miasta i odkrywa\u0142em coraz ciekawsze miejsc\u00f3wki. Na ten kr\u00f3tki tunel trafi\u0142em przy wyj\u015bciu z parku, kt\u00f3ry po\u0142o\u017cony jest tu\u017c przy zabytkowym centrum. Jest swego rodzaju \u0142\u0105cznikiem mi\u0119dzy star\u0105, a now\u0105 cz\u0119\u015bci\u0105 miasta. Jego dodatkow\u0105 zalet\u0105 jest cie\u0144, kt\u00f3ry oferuje zupe\u0142nie za darmo w upalne dni. Schroni\u0142em si\u0119 tam na kilka minut, a przy okazji wykona\u0142em t\u0119 fotografi\u0119.<\/p>\n<p>Seria STREET jest fotograficznym zapisem moich wypad\u00f3w na miasto. Praga, Berlin, Valetta, Rzym, Zadar, Pozna\u0144, Warszawa, Gda\u0144sk, Bibione, Londyn, Dublin, Bray to tylko cz\u0119\u015b\u0107 z tych w kt\u00f3rych znalaz\u0142em co\u015b ciekawego. Jak\u0105\u015b histori\u0119, jaki\u015b epizod, \u015blad cz\u0142owieka wart pokazania. Ka\u017cde z tych zdj\u0119\u0107 jest bardzo osobistym zapisem tego co widzia\u0142em, czu\u0142em i prze\u017cy\u0142em b\u0119d\u0105c tam i wtedy.<\/p>\n<p>Fotografia ta dost\u0119pna jest w formie plakatu kolekcjonerskiego w limitowanej ilo\u015bci 100 szt. Ka\u017cda sztuka sygnowana jest moim podpisem oraz numerem w serii.<\/p>\n","protected":false},"featured_media":18541,"comment_status":"closed","ping_status":"closed","template":"","meta":{"_exactmetrics_skip_tracking":false,"_exactmetrics_sitenote_active":false,"_exactmetrics_sitenote_note":"","_exactmetrics_sitenote_category":0},"product_brand":[],"product_cat":[164,166],"product_tag":[],"class_list":{"0":"post-18430","1":"product","2":"type-product","3":"status-publish","4":"has-post-thumbnail","6":"product_cat-plakat-kolekcjonerski","7":"product_cat-street-plakat-kolekcjonerski","9":"first","10":"instock","11":"taxable","12":"shipping-taxable","13":"purchasable","14":"product-type-simple"},"_links":{"self":[{"href":"https:\/\/damianhornet.com\/en\/wp-json\/wp\/v2\/product\/18430","targetHints":{"allow":["GET"]}}],"collection":[{"href":"https:\/\/damianhornet.com\/en\/wp-json\/wp\/v2\/product"}],"about":[{"href":"https:\/\/damianhornet.com\/en\/wp-json\/wp\/v2\/types\/product"}],"replies":[{"embeddable":true,"href":"https:\/\/damianhornet.com\/en\/wp-json\/wp\/v2\/comments?post=18430"}],"wp:featuredmedia":[{"embeddable":true,"href":"https:\/\/damianhornet.com\/en\/wp-json\/wp\/v2\/media\/18541"}],"wp:attachment":[{"href":"https:\/\/damianhornet.com\/en\/wp-json\/wp\/v2\/media?parent=18430"}],"wp:term":[{"taxonomy":"product_brand","embeddable":true,"href":"https:\/\/damianhornet.com\/en\/wp-json\/wp\/v2\/product_brand?post=18430"},{"taxonomy":"product_cat","embeddable":true,"href":"https:\/\/damianhornet.com\/en\/wp-json\/wp\/v2\/product_cat?post=18430"},{"taxonomy":"product_tag","embeddable":true,"href":"https:\/\/damianhornet.com\/en\/wp-json\/wp\/v2\/product_tag?post=18430"}],"curies":[{"name":"wp","href":"https:\/\/api.w.org\/{rel}","templated":true}]}}