{"id":20143,"date":"2023-09-13T18:00:14","date_gmt":"2023-09-13T16:00:14","guid":{"rendered":"https:\/\/damianhornet.com\/?post_type=product&#038;p=20143"},"modified":"2026-04-17T01:00:31","modified_gmt":"2026-04-16T23:00:31","slug":"bol","status":"publish","type":"product","link":"https:\/\/damianhornet.com\/en\/produkt\/bol\/","title":{"rendered":"B\u00d3L"},"content":{"rendered":"<p style=\"text-align: justify;\"><strong>B\u00d3L<\/strong>, to jeden z 20 temat\u00f3w podj\u0119tych przeze mnie w ramach projektu <strong>#TOWA\u017bNE<\/strong>. Zosta\u0142 on zaproponowany przez <strong>Marysi\u0119 Paw\u0142owsk\u0105<\/strong>, kt\u00f3ra w pi\u0119kny spos\u00f3b zapozowa\u0142a do tej fotografii.<\/p>\n<p style=\"text-align: justify;\">Na \u015bwiecie pojawi si\u0119 <strong>tylko 6 szt.<\/strong> tej fotografii w kolekcjonerskiej wersji fine art.<\/p>\n<p style=\"text-align: justify;\">Maksymalny oferowany format to 150 x 300 cm. W przypadku ch\u0119ci zam\u00f3wienia mniejszego, kieruj si\u0119 proporcjami 1:2 (np. 20 x 40 cm, 50 x 100 cm, 100 x 200 cm itd.). Fotografia sygnowana moim podpisem, a na jej odwrocie do\u0142\u0105czony b\u0119dzie certyfikat autentyczno\u015bci.<\/p>\n<p style=\"text-align: justify;\">Czas realizacji zam\u00f3wienia: 15 dni roboczych<br \/>\n(w przypadku zam\u00f3wie\u0144 realizowanych na terenie Polski)<\/p>\n<p style=\"text-align: justify;\">Istnieje mo\u017cliwo\u015b\u0107 wysy\u0142ki tej poza granice Polski, jednak w tym przypadku b\u0119dziemy musieli ustali\u0107 dodatkowe szczeg\u00f3\u0142y. Je\u015bli Ci\u0119 to interesuje prosz\u0119 o kontakt na adres: <strong>hello@damianhornet.com<\/strong><\/p>\n","protected":false},"excerpt":{"rendered":"<p><strong>Zobacz jak powstawa\u0142a ta fotografia<\/strong><\/p>\n[youtube id='KAbOL_z7uUA']\n<p>&nbsp;<\/p>\n<p style=\"text-align: justify;\"><strong>B\u00d3L<\/strong>, to jeden z 20 temat\u00f3w podj\u0119tych przeze mnie w ramach projektu <strong>#TOWA\u017bNE<\/strong>. Zosta\u0142 on zaproponowany przez <strong>Marysi\u0119 Paw\u0142owsk\u0105<\/strong>, kt\u00f3ra w pi\u0119kny spos\u00f3b zapozowa\u0142a do tej fotografii.<\/p>\n<p style=\"text-align: justify;\">Na \u015bwiecie pojawi si\u0119 <strong>tylko 6 szt.<\/strong> tej fotografii w kolekcjonerskiej wersji fine art.<\/p>\n<p style=\"text-align: justify;\">Maksymalny oferowany format to 150 x 300 cm. W przypadku ch\u0119ci zam\u00f3wienia mniejszego, kieruj si\u0119 proporcjami 1:2 (np. 20 x 40 cm, 50 x 100 cm, 100 x 200 cm itd.). Fotografia sygnowana moim podpisem, a na jej odwrocie do\u0142\u0105czony b\u0119dzie certyfikat autentyczno\u015bci.<\/p>\n<p>&nbsp;<\/p>\n<p><strong>Mo\u017cesz te\u017c pos\u0142ucha\u0107 naszej rozmowy na temat B\u00d3LU<\/strong><\/p>\n[youtube id='v6APnS3oSsc']\n","protected":false},"featured_media":20204,"comment_status":"closed","ping_status":"closed","template":"","meta":{"_exactmetrics_skip_tracking":false,"_exactmetrics_sitenote_active":false,"_exactmetrics_sitenote_note":"","_exactmetrics_sitenote_category":0},"product_brand":[],"product_cat":[198,154],"product_tag":[],"class_list":{"0":"post-20143","1":"product","2":"type-product","3":"status-publish","4":"has-post-thumbnail","6":"product_cat-towazne","7":"product_cat-fot_kol","9":"first","10":"instock","11":"taxable","12":"shipping-taxable","13":"purchasable","14":"product-type-simple"},"_links":{"self":[{"href":"https:\/\/damianhornet.com\/en\/wp-json\/wp\/v2\/product\/20143","targetHints":{"allow":["GET"]}}],"collection":[{"href":"https:\/\/damianhornet.com\/en\/wp-json\/wp\/v2\/product"}],"about":[{"href":"https:\/\/damianhornet.com\/en\/wp-json\/wp\/v2\/types\/product"}],"replies":[{"embeddable":true,"href":"https:\/\/damianhornet.com\/en\/wp-json\/wp\/v2\/comments?post=20143"}],"wp:featuredmedia":[{"embeddable":true,"href":"https:\/\/damianhornet.com\/en\/wp-json\/wp\/v2\/media\/20204"}],"wp:attachment":[{"href":"https:\/\/damianhornet.com\/en\/wp-json\/wp\/v2\/media?parent=20143"}],"wp:term":[{"taxonomy":"product_brand","embeddable":true,"href":"https:\/\/damianhornet.com\/en\/wp-json\/wp\/v2\/product_brand?post=20143"},{"taxonomy":"product_cat","embeddable":true,"href":"https:\/\/damianhornet.com\/en\/wp-json\/wp\/v2\/product_cat?post=20143"},{"taxonomy":"product_tag","embeddable":true,"href":"https:\/\/damianhornet.com\/en\/wp-json\/wp\/v2\/product_tag?post=20143"}],"curies":[{"name":"wp","href":"https:\/\/api.w.org\/{rel}","templated":true}]}}