{"id":23446,"date":"2025-04-24T17:14:58","date_gmt":"2025-04-24T15:14:58","guid":{"rendered":"https:\/\/damianhornet.com\/?post_type=product&#038;p=23446"},"modified":"2025-05-21T16:32:51","modified_gmt":"2025-05-21T14:32:51","slug":"album-coda-wydanie-kolekcjonerskie","status":"publish","type":"product","link":"https:\/\/damianhornet.com\/en\/produkt\/album-coda-wydanie-kolekcjonerskie\/","title":{"rendered":"Album \u201eCODA\u201d \/ Wydanie kolekcjonerskie"},"content":{"rendered":"<p>Album \u201eCODA\u201d to m\u00f3j pierwszy autorski album. Zawar\u0142em w nim prawie 100 fotografii, kt\u00f3re przybli\u017caj\u0105 \u015bwiat baletu, a nawet nieco wi\u0119cej. To bardzo osobista opowie\u015b\u0107 wizualna o tym jak\u0105 drog\u0119 musi pokona\u0107 tancerka b\u0105d\u017a tancerz zanim postawi sw\u00f3j pierwszy pewny krok na scenie. Album powsta\u0142 dzi\u0119ki niezwyk\u0142ej otwarto\u015bci os\u00f3b wyj\u0105tkowych, kt\u00f3re na co dzie\u0144 Tworz\u0105 wspania\u0142e miejsce, jakim jest Og\u00f3lnokszta\u0142c\u0105ca Szko\u0142a Baletowa im. Janiny Jarzyn\u00f3wny-Sobczak w Gda\u0144sku.<\/p>\n<p>Ten album ma charakter limitowanej wersji kolekcjonerskiej, a co za tym idzie ka\u017cdy z egzemplarzy jest numerowany i sygnowany moim podpisem. Nie b\u0119dzie ich wi\u0119cej ni\u017c 1000 egzemplarzy na ca\u0142y \u015bwiat.<\/p>\n<p>Dla os\u00f3b ch\u0119tnych jest tak\u017ce przewidziana dedykacja. Jednak aby taka si\u0119 pojawi\u0142a w albumie, nale\u017cy zaznaczy\u0107 stosown\u0105 adnotacj\u0105 w uwagach do zam\u00f3wienia.<\/p>\n<p>&nbsp;<\/p>\n<p>&nbsp;<\/p>\n<p>&nbsp;<\/p>\n","protected":false},"excerpt":{"rendered":"<p>Album \u201eCODA\u201d to m\u00f3j pierwszy autorski album. Zawar\u0142em w nim prawie 100 fotografii, kt\u00f3re przybli\u017caj\u0105 \u015bwiat baletu, a nawet nieco wi\u0119cej. To bardzo osobista opowie\u015b\u0107 wizualna o tym jak\u0105 drog\u0119 musi pokona\u0107 tancerka b\u0105d\u017a tancerz zanim postawi sw\u00f3j pierwszy pewny krok na scenie.<\/p>\n","protected":false},"featured_media":23448,"comment_status":"closed","ping_status":"closed","template":"","meta":{"_exactmetrics_skip_tracking":false,"_exactmetrics_sitenote_active":false,"_exactmetrics_sitenote_note":"","_exactmetrics_sitenote_category":0},"product_brand":[],"product_cat":[207],"product_tag":[],"class_list":{"0":"post-23446","1":"product","2":"type-product","3":"status-publish","4":"has-post-thumbnail","6":"product_cat-album","8":"first","9":"instock","10":"taxable","11":"shipping-taxable","12":"purchasable","13":"product-type-simple"},"_links":{"self":[{"href":"https:\/\/damianhornet.com\/en\/wp-json\/wp\/v2\/product\/23446","targetHints":{"allow":["GET"]}}],"collection":[{"href":"https:\/\/damianhornet.com\/en\/wp-json\/wp\/v2\/product"}],"about":[{"href":"https:\/\/damianhornet.com\/en\/wp-json\/wp\/v2\/types\/product"}],"replies":[{"embeddable":true,"href":"https:\/\/damianhornet.com\/en\/wp-json\/wp\/v2\/comments?post=23446"}],"wp:featuredmedia":[{"embeddable":true,"href":"https:\/\/damianhornet.com\/en\/wp-json\/wp\/v2\/media\/23448"}],"wp:attachment":[{"href":"https:\/\/damianhornet.com\/en\/wp-json\/wp\/v2\/media?parent=23446"}],"wp:term":[{"taxonomy":"product_brand","embeddable":true,"href":"https:\/\/damianhornet.com\/en\/wp-json\/wp\/v2\/product_brand?post=23446"},{"taxonomy":"product_cat","embeddable":true,"href":"https:\/\/damianhornet.com\/en\/wp-json\/wp\/v2\/product_cat?post=23446"},{"taxonomy":"product_tag","embeddable":true,"href":"https:\/\/damianhornet.com\/en\/wp-json\/wp\/v2\/product_tag?post=23446"}],"curies":[{"name":"wp","href":"https:\/\/api.w.org\/{rel}","templated":true}]}}